
{"id":8239,"date":"2025-02-05T12:39:35","date_gmt":"2025-02-05T11:39:35","guid":{"rendered":"https:\/\/terhills.be\/een-dagje-terhills-resort\/"},"modified":"2026-04-22T12:55:30","modified_gmt":"2026-04-22T10:55:30","slug":"jourterhillsresort","status":"publish","type":"page","link":"https:\/\/terhills.be\/fr\/jourterhillsresort\/","title":{"rendered":"Une journ\u00e9e \u00e0 Terhills Resort"},"content":{"rendered":"","protected":false},"excerpt":{"rendered":"","protected":false},"author":1,"featured_media":0,"parent":0,"menu_order":0,"comment_status":"closed","ping_status":"closed","template":"page-templates\/page-feature-landing.php","meta":{"_acf_changed":false,"inline_featured_image":false,"footnotes":""},"class_list":["post-8239","page","type-page","status-publish","hentry"],"acf":[],"yoast_head":"<!-- This site is optimized with the Yoast SEO plugin v24.8.1 - https:\/\/yoast.com\/wordpress\/plugins\/seo\/ -->\n<title>Une journ\u00e9e \u00e0 Terhills Resort &#8211; Terhills<\/title>\n<meta name=\"description\" content=\"Vous cherchez une destination unique pour une journ\u00e9e de d\u00e9tente et d\u2019aventure\u00a0? Terhills Resort vous accueille, m\u00eame pour une seule journ\u00e9e sans nuit\u00e9e\u00a0! Profitez d\u2019une excursion d\u2019une journ\u00e9e inoubliable dans un cadre magnifique o\u00f9 nature et amusement sont indissociables.\" \/>\n<meta name=\"robots\" content=\"index, follow, max-snippet:-1, max-image-preview:large, max-video-preview:-1\" \/>\n<link rel=\"canonical\" href=\"https:\/\/terhills.be\/fr\/jourterhillsresort\/\" \/>\n<meta property=\"og:locale\" content=\"fr_FR\" \/>\n<meta property=\"og:type\" content=\"article\" \/>\n<meta property=\"og:title\" content=\"Une journ\u00e9e \u00e0 Terhills Resort &#8211; Terhills\" \/>\n<meta property=\"og:description\" content=\"Vous cherchez une destination unique pour une journ\u00e9e de d\u00e9tente et d\u2019aventure\u00a0? Terhills Resort vous accueille, m\u00eame pour une seule journ\u00e9e sans nuit\u00e9e\u00a0! Profitez d\u2019une excursion d\u2019une journ\u00e9e inoubliable dans un cadre magnifique o\u00f9 nature et amusement sont indissociables.\" \/>\n<meta property=\"og:url\" content=\"https:\/\/terhills.be\/fr\/jourterhillsresort\/\" \/>\n<meta property=\"og:site_name\" content=\"Terhills\" \/>\n<meta property=\"article:publisher\" content=\"https:\/\/www.facebook.com\/terhills\" \/>\n<meta property=\"article:modified_time\" content=\"2026-04-22T10:55:30+00:00\" \/>\n<meta name=\"twitter:card\" content=\"summary_large_image\" \/>\n<meta name=\"twitter:label1\" content=\"Dur\u00e9e de lecture est.\" \/>\n\t<meta name=\"twitter:data1\" content=\"14 minutes\" \/>\n<script type=\"application\/ld+json\" class=\"yoast-schema-graph\">{\"@context\":\"https:\/\/schema.org\",\"@graph\":[{\"@type\":\"WebPage\",\"@id\":\"https:\/\/terhills.be\/fr\/jourterhillsresort\/\",\"url\":\"https:\/\/terhills.be\/fr\/jourterhillsresort\/\",\"name\":\"Une journ\u00e9e \u00e0 Terhills Resort &#8211; Terhills\",\"isPartOf\":{\"@id\":\"https:\/\/terhills.be\/fr\/#website\"},\"datePublished\":\"2025-02-05T11:39:35+00:00\",\"dateModified\":\"2026-04-22T10:55:30+00:00\",\"description\":\"Vous cherchez une destination unique pour une journ\u00e9e de d\u00e9tente et d\u2019aventure\u00a0? Terhills Resort vous accueille, m\u00eame pour une seule journ\u00e9e sans nuit\u00e9e\u00a0! Profitez d\u2019une excursion d\u2019une journ\u00e9e inoubliable dans un cadre magnifique o\u00f9 nature et amusement sont indissociables.\",\"breadcrumb\":{\"@id\":\"https:\/\/terhills.be\/fr\/jourterhillsresort\/#breadcrumb\"},\"inLanguage\":\"fr-BE\",\"potentialAction\":[{\"@type\":\"ReadAction\",\"target\":[\"https:\/\/terhills.be\/fr\/jourterhillsresort\/\"]}]},{\"@type\":\"BreadcrumbList\",\"@id\":\"https:\/\/terhills.be\/fr\/jourterhillsresort\/#breadcrumb\",\"itemListElement\":[{\"@type\":\"ListItem\",\"position\":1,\"name\":\"Home\",\"item\":\"https:\/\/terhills.be\/fr\/\"},{\"@type\":\"ListItem\",\"position\":2,\"name\":\"Une journ\u00e9e \u00e0 Terhills Resort\"}]},{\"@type\":\"WebSite\",\"@id\":\"https:\/\/terhills.be\/fr\/#website\",\"url\":\"https:\/\/terhills.be\/fr\/\",\"name\":\"Terhills\",\"description\":\"Feel the heartbeat of nature\",\"publisher\":{\"@id\":\"https:\/\/terhills.be\/fr\/#organization\"},\"potentialAction\":[{\"@type\":\"SearchAction\",\"target\":{\"@type\":\"EntryPoint\",\"urlTemplate\":\"https:\/\/terhills.be\/fr\/?s={search_term_string}\"},\"query-input\":{\"@type\":\"PropertyValueSpecification\",\"valueRequired\":true,\"valueName\":\"search_term_string\"}}],\"inLanguage\":\"fr-BE\"},{\"@type\":\"Organization\",\"@id\":\"https:\/\/terhills.be\/fr\/#organization\",\"name\":\"Terhills\",\"url\":\"https:\/\/terhills.be\/fr\/\",\"logo\":{\"@type\":\"ImageObject\",\"inLanguage\":\"fr-BE\",\"@id\":\"https:\/\/terhills.be\/fr\/#\/schema\/logo\/image\/\",\"url\":\"https:\/\/terhills.be\/wp-content\/uploads\/logo-terhills@2x.png\",\"contentUrl\":\"https:\/\/terhills.be\/wp-content\/uploads\/logo-terhills@2x.png\",\"width\":456,\"height\":205,\"caption\":\"Terhills\"},\"image\":{\"@id\":\"https:\/\/terhills.be\/fr\/#\/schema\/logo\/image\/\"},\"sameAs\":[\"https:\/\/www.facebook.com\/terhills\",\"https:\/\/www.instagram.com\/terhills\/\",\"https:\/\/be.linkedin.com\/company\/terhills\",\"https:\/\/www.youtube.com\/channel\/UCFzNKZLWbX9qTmAlcYYYO6w\"]}]}<\/script>\n<!-- \/ Yoast SEO plugin. -->","yoast_head_json":{"title":"Une journ\u00e9e \u00e0 Terhills Resort &#8211; Terhills","description":"Vous cherchez une destination unique pour une journ\u00e9e de d\u00e9tente et d\u2019aventure\u00a0? Terhills Resort vous accueille, m\u00eame pour une seule journ\u00e9e sans nuit\u00e9e\u00a0! Profitez d\u2019une excursion d\u2019une journ\u00e9e inoubliable dans un cadre magnifique o\u00f9 nature et amusement sont indissociables.","robots":{"index":"index","follow":"follow","max-snippet":"max-snippet:-1","max-image-preview":"max-image-preview:large","max-video-preview":"max-video-preview:-1"},"canonical":"https:\/\/terhills.be\/fr\/jourterhillsresort\/","og_locale":"fr_FR","og_type":"article","og_title":"Une journ\u00e9e \u00e0 Terhills Resort &#8211; Terhills","og_description":"Vous cherchez une destination unique pour une journ\u00e9e de d\u00e9tente et d\u2019aventure\u00a0? Terhills Resort vous accueille, m\u00eame pour une seule journ\u00e9e sans nuit\u00e9e\u00a0! Profitez d\u2019une excursion d\u2019une journ\u00e9e inoubliable dans un cadre magnifique o\u00f9 nature et amusement sont indissociables.","og_url":"https:\/\/terhills.be\/fr\/jourterhillsresort\/","og_site_name":"Terhills","article_publisher":"https:\/\/www.facebook.com\/terhills","article_modified_time":"2026-04-22T10:55:30+00:00","twitter_card":"summary_large_image","twitter_misc":{"Dur\u00e9e de lecture est.":"14 minutes"},"schema":{"@context":"https:\/\/schema.org","@graph":[{"@type":"WebPage","@id":"https:\/\/terhills.be\/fr\/jourterhillsresort\/","url":"https:\/\/terhills.be\/fr\/jourterhillsresort\/","name":"Une journ\u00e9e \u00e0 Terhills Resort &#8211; Terhills","isPartOf":{"@id":"https:\/\/terhills.be\/fr\/#website"},"datePublished":"2025-02-05T11:39:35+00:00","dateModified":"2026-04-22T10:55:30+00:00","description":"Vous cherchez une destination unique pour une journ\u00e9e de d\u00e9tente et d\u2019aventure\u00a0? Terhills Resort vous accueille, m\u00eame pour une seule journ\u00e9e sans nuit\u00e9e\u00a0! Profitez d\u2019une excursion d\u2019une journ\u00e9e inoubliable dans un cadre magnifique o\u00f9 nature et amusement sont indissociables.","breadcrumb":{"@id":"https:\/\/terhills.be\/fr\/jourterhillsresort\/#breadcrumb"},"inLanguage":"fr-BE","potentialAction":[{"@type":"ReadAction","target":["https:\/\/terhills.be\/fr\/jourterhillsresort\/"]}]},{"@type":"BreadcrumbList","@id":"https:\/\/terhills.be\/fr\/jourterhillsresort\/#breadcrumb","itemListElement":[{"@type":"ListItem","position":1,"name":"Home","item":"https:\/\/terhills.be\/fr\/"},{"@type":"ListItem","position":2,"name":"Une journ\u00e9e \u00e0 Terhills Resort"}]},{"@type":"WebSite","@id":"https:\/\/terhills.be\/fr\/#website","url":"https:\/\/terhills.be\/fr\/","name":"Terhills","description":"Feel the heartbeat of nature","publisher":{"@id":"https:\/\/terhills.be\/fr\/#organization"},"potentialAction":[{"@type":"SearchAction","target":{"@type":"EntryPoint","urlTemplate":"https:\/\/terhills.be\/fr\/?s={search_term_string}"},"query-input":{"@type":"PropertyValueSpecification","valueRequired":true,"valueName":"search_term_string"}}],"inLanguage":"fr-BE"},{"@type":"Organization","@id":"https:\/\/terhills.be\/fr\/#organization","name":"Terhills","url":"https:\/\/terhills.be\/fr\/","logo":{"@type":"ImageObject","inLanguage":"fr-BE","@id":"https:\/\/terhills.be\/fr\/#\/schema\/logo\/image\/","url":"https:\/\/terhills.be\/wp-content\/uploads\/logo-terhills@2x.png","contentUrl":"https:\/\/terhills.be\/wp-content\/uploads\/logo-terhills@2x.png","width":456,"height":205,"caption":"Terhills"},"image":{"@id":"https:\/\/terhills.be\/fr\/#\/schema\/logo\/image\/"},"sameAs":["https:\/\/www.facebook.com\/terhills","https:\/\/www.instagram.com\/terhills\/","https:\/\/be.linkedin.com\/company\/terhills","https:\/\/www.youtube.com\/channel\/UCFzNKZLWbX9qTmAlcYYYO6w"]}]}},"_links":{"self":[{"href":"https:\/\/terhills.be\/fr\/wp-json\/wp\/v2\/pages\/8239","targetHints":{"allow":["GET"]}}],"collection":[{"href":"https:\/\/terhills.be\/fr\/wp-json\/wp\/v2\/pages"}],"about":[{"href":"https:\/\/terhills.be\/fr\/wp-json\/wp\/v2\/types\/page"}],"author":[{"embeddable":true,"href":"https:\/\/terhills.be\/fr\/wp-json\/wp\/v2\/users\/1"}],"replies":[{"embeddable":true,"href":"https:\/\/terhills.be\/fr\/wp-json\/wp\/v2\/comments?post=8239"}],"version-history":[{"count":34,"href":"https:\/\/terhills.be\/fr\/wp-json\/wp\/v2\/pages\/8239\/revisions"}],"predecessor-version":[{"id":8925,"href":"https:\/\/terhills.be\/fr\/wp-json\/wp\/v2\/pages\/8239\/revisions\/8925"}],"wp:attachment":[{"href":"https:\/\/terhills.be\/fr\/wp-json\/wp\/v2\/media?parent=8239"}],"curies":[{"name":"wp","href":"https:\/\/api.w.org\/{rel}","templated":true}]}}