{"id":4218,"date":"2020-10-09T15:34:21","date_gmt":"2020-10-09T13:34:21","guid":{"rendered":"https:\/\/new.terhills.be\/terhills-resort\/"},"modified":"2025-03-28T13:24:13","modified_gmt":"2025-03-28T12:24:13","slug":"terhills-resort","status":"publish","type":"page","link":"https:\/\/terhills.be\/fr\/terhills-resort\/","title":{"rendered":"Terhills Resort"},"content":{"rendered":"","protected":false},"excerpt":{"rendered":"","protected":false},"author":1,"featured_media":0,"parent":0,"menu_order":0,"comment_status":"closed","ping_status":"closed","template":"page-templates\/page-activity.php","meta":{"_acf_changed":false,"inline_featured_image":false,"footnotes":""},"class_list":["post-4218","page","type-page","status-publish","hentry"],"acf":[],"yoast_head":"<!-- This site is optimized with the Yoast SEO plugin v24.8.1 - https:\/\/yoast.com\/wordpress\/plugins\/seo\/ -->\n<title>Terhills Resort &#8211; Terhills<\/title>\n<meta name=\"description\" content=\"Vous r\u00eavez de passer une nuit au c\u0153ur de la nature ? Gr\u00e2ce \u00e0 Terhills Resort, vous pouvez profiter pleinement du parc national Hoge Kempen, plus pr\u00e8s que jamais.\" \/>\n<meta name=\"robots\" content=\"index, follow, max-snippet:-1, max-image-preview:large, max-video-preview:-1\" \/>\n<link rel=\"canonical\" href=\"https:\/\/terhills.be\/fr\/terhills-resort\/\" \/>\n<meta property=\"og:locale\" content=\"fr_FR\" \/>\n<meta property=\"og:type\" content=\"article\" \/>\n<meta property=\"og:title\" content=\"Terhills Resort &#8211; Terhills\" \/>\n<meta property=\"og:description\" content=\"Vous r\u00eavez de passer une nuit au c\u0153ur de la nature ? Gr\u00e2ce \u00e0 Terhills Resort, vous pouvez profiter pleinement du parc national Hoge Kempen, plus pr\u00e8s que jamais.\" \/>\n<meta property=\"og:url\" content=\"https:\/\/terhills.be\/fr\/terhills-resort\/\" \/>\n<meta property=\"og:site_name\" content=\"Terhills\" \/>\n<meta property=\"article:publisher\" content=\"https:\/\/www.facebook.com\/terhills\" \/>\n<meta property=\"article:modified_time\" content=\"2025-03-28T12:24:13+00:00\" \/>\n<meta name=\"twitter:card\" content=\"summary_large_image\" \/>\n<meta name=\"twitter:label1\" content=\"Dur\u00e9e de lecture est.\" \/>\n\t<meta name=\"twitter:data1\" content=\"5 minutes\" \/>\n<script type=\"application\/ld+json\" class=\"yoast-schema-graph\">{\"@context\":\"https:\/\/schema.org\",\"@graph\":[{\"@type\":\"WebPage\",\"@id\":\"https:\/\/terhills.be\/fr\/terhills-resort\/\",\"url\":\"https:\/\/terhills.be\/fr\/terhills-resort\/\",\"name\":\"Terhills Resort &#8211; Terhills\",\"isPartOf\":{\"@id\":\"https:\/\/terhills.be\/fr\/#website\"},\"datePublished\":\"2020-10-09T13:34:21+00:00\",\"dateModified\":\"2025-03-28T12:24:13+00:00\",\"description\":\"Vous r\u00eavez de passer une nuit au c\u0153ur de la nature ? Gr\u00e2ce \u00e0 Terhills Resort, vous pouvez profiter pleinement du parc national Hoge Kempen, plus pr\u00e8s que jamais.\",\"breadcrumb\":{\"@id\":\"https:\/\/terhills.be\/fr\/terhills-resort\/#breadcrumb\"},\"inLanguage\":\"fr-BE\",\"potentialAction\":[{\"@type\":\"ReadAction\",\"target\":[\"https:\/\/terhills.be\/fr\/terhills-resort\/\"]}]},{\"@type\":\"BreadcrumbList\",\"@id\":\"https:\/\/terhills.be\/fr\/terhills-resort\/#breadcrumb\",\"itemListElement\":[{\"@type\":\"ListItem\",\"position\":1,\"name\":\"Home\",\"item\":\"https:\/\/terhills.be\/fr\/\"},{\"@type\":\"ListItem\",\"position\":2,\"name\":\"Terhills Resort\"}]},{\"@type\":\"WebSite\",\"@id\":\"https:\/\/terhills.be\/fr\/#website\",\"url\":\"https:\/\/terhills.be\/fr\/\",\"name\":\"Terhills\",\"description\":\"Feel the heartbeat of nature\",\"publisher\":{\"@id\":\"https:\/\/terhills.be\/fr\/#organization\"},\"potentialAction\":[{\"@type\":\"SearchAction\",\"target\":{\"@type\":\"EntryPoint\",\"urlTemplate\":\"https:\/\/terhills.be\/fr\/?s={search_term_string}\"},\"query-input\":{\"@type\":\"PropertyValueSpecification\",\"valueRequired\":true,\"valueName\":\"search_term_string\"}}],\"inLanguage\":\"fr-BE\"},{\"@type\":\"Organization\",\"@id\":\"https:\/\/terhills.be\/fr\/#organization\",\"name\":\"Terhills\",\"url\":\"https:\/\/terhills.be\/fr\/\",\"logo\":{\"@type\":\"ImageObject\",\"inLanguage\":\"fr-BE\",\"@id\":\"https:\/\/terhills.be\/fr\/#\/schema\/logo\/image\/\",\"url\":\"https:\/\/terhills.be\/wp-content\/uploads\/logo-terhills@2x.png\",\"contentUrl\":\"https:\/\/terhills.be\/wp-content\/uploads\/logo-terhills@2x.png\",\"width\":456,\"height\":205,\"caption\":\"Terhills\"},\"image\":{\"@id\":\"https:\/\/terhills.be\/fr\/#\/schema\/logo\/image\/\"},\"sameAs\":[\"https:\/\/www.facebook.com\/terhills\",\"https:\/\/www.instagram.com\/terhills\/\",\"https:\/\/be.linkedin.com\/company\/terhills\",\"https:\/\/www.youtube.com\/channel\/UCFzNKZLWbX9qTmAlcYYYO6w\"]}]}<\/script>\n<!-- \/ Yoast SEO plugin. -->","yoast_head_json":{"title":"Terhills Resort &#8211; Terhills","description":"Vous r\u00eavez de passer une nuit au c\u0153ur de la nature ? Gr\u00e2ce \u00e0 Terhills Resort, vous pouvez profiter pleinement du parc national Hoge Kempen, plus pr\u00e8s que jamais.","robots":{"index":"index","follow":"follow","max-snippet":"max-snippet:-1","max-image-preview":"max-image-preview:large","max-video-preview":"max-video-preview:-1"},"canonical":"https:\/\/terhills.be\/fr\/terhills-resort\/","og_locale":"fr_FR","og_type":"article","og_title":"Terhills Resort &#8211; Terhills","og_description":"Vous r\u00eavez de passer une nuit au c\u0153ur de la nature ? Gr\u00e2ce \u00e0 Terhills Resort, vous pouvez profiter pleinement du parc national Hoge Kempen, plus pr\u00e8s que jamais.","og_url":"https:\/\/terhills.be\/fr\/terhills-resort\/","og_site_name":"Terhills","article_publisher":"https:\/\/www.facebook.com\/terhills","article_modified_time":"2025-03-28T12:24:13+00:00","twitter_card":"summary_large_image","twitter_misc":{"Dur\u00e9e de lecture est.":"5 minutes"},"schema":{"@context":"https:\/\/schema.org","@graph":[{"@type":"WebPage","@id":"https:\/\/terhills.be\/fr\/terhills-resort\/","url":"https:\/\/terhills.be\/fr\/terhills-resort\/","name":"Terhills Resort &#8211; Terhills","isPartOf":{"@id":"https:\/\/terhills.be\/fr\/#website"},"datePublished":"2020-10-09T13:34:21+00:00","dateModified":"2025-03-28T12:24:13+00:00","description":"Vous r\u00eavez de passer une nuit au c\u0153ur de la nature ? Gr\u00e2ce \u00e0 Terhills Resort, vous pouvez profiter pleinement du parc national Hoge Kempen, plus pr\u00e8s que jamais.","breadcrumb":{"@id":"https:\/\/terhills.be\/fr\/terhills-resort\/#breadcrumb"},"inLanguage":"fr-BE","potentialAction":[{"@type":"ReadAction","target":["https:\/\/terhills.be\/fr\/terhills-resort\/"]}]},{"@type":"BreadcrumbList","@id":"https:\/\/terhills.be\/fr\/terhills-resort\/#breadcrumb","itemListElement":[{"@type":"ListItem","position":1,"name":"Home","item":"https:\/\/terhills.be\/fr\/"},{"@type":"ListItem","position":2,"name":"Terhills Resort"}]},{"@type":"WebSite","@id":"https:\/\/terhills.be\/fr\/#website","url":"https:\/\/terhills.be\/fr\/","name":"Terhills","description":"Feel the heartbeat of nature","publisher":{"@id":"https:\/\/terhills.be\/fr\/#organization"},"potentialAction":[{"@type":"SearchAction","target":{"@type":"EntryPoint","urlTemplate":"https:\/\/terhills.be\/fr\/?s={search_term_string}"},"query-input":{"@type":"PropertyValueSpecification","valueRequired":true,"valueName":"search_term_string"}}],"inLanguage":"fr-BE"},{"@type":"Organization","@id":"https:\/\/terhills.be\/fr\/#organization","name":"Terhills","url":"https:\/\/terhills.be\/fr\/","logo":{"@type":"ImageObject","inLanguage":"fr-BE","@id":"https:\/\/terhills.be\/fr\/#\/schema\/logo\/image\/","url":"https:\/\/terhills.be\/wp-content\/uploads\/logo-terhills@2x.png","contentUrl":"https:\/\/terhills.be\/wp-content\/uploads\/logo-terhills@2x.png","width":456,"height":205,"caption":"Terhills"},"image":{"@id":"https:\/\/terhills.be\/fr\/#\/schema\/logo\/image\/"},"sameAs":["https:\/\/www.facebook.com\/terhills","https:\/\/www.instagram.com\/terhills\/","https:\/\/be.linkedin.com\/company\/terhills","https:\/\/www.youtube.com\/channel\/UCFzNKZLWbX9qTmAlcYYYO6w"]}]}},"_links":{"self":[{"href":"https:\/\/terhills.be\/fr\/wp-json\/wp\/v2\/pages\/4218","targetHints":{"allow":["GET"]}}],"collection":[{"href":"https:\/\/terhills.be\/fr\/wp-json\/wp\/v2\/pages"}],"about":[{"href":"https:\/\/terhills.be\/fr\/wp-json\/wp\/v2\/types\/page"}],"author":[{"embeddable":true,"href":"https:\/\/terhills.be\/fr\/wp-json\/wp\/v2\/users\/1"}],"replies":[{"embeddable":true,"href":"https:\/\/terhills.be\/fr\/wp-json\/wp\/v2\/comments?post=4218"}],"version-history":[{"count":2,"href":"https:\/\/terhills.be\/fr\/wp-json\/wp\/v2\/pages\/4218\/revisions"}],"predecessor-version":[{"id":8308,"href":"https:\/\/terhills.be\/fr\/wp-json\/wp\/v2\/pages\/4218\/revisions\/8308"}],"wp:attachment":[{"href":"https:\/\/terhills.be\/fr\/wp-json\/wp\/v2\/media?parent=4218"}],"curies":[{"name":"wp","href":"https:\/\/api.w.org\/{rel}","templated":true}]}}