{"id":3898,"date":"2023-03-01T18:43:45","date_gmt":"2023-03-01T17:43:45","guid":{"rendered":"https:\/\/new.terhills.be\/privacy-statement\/"},"modified":"2023-03-01T18:49:39","modified_gmt":"2023-03-01T17:49:39","slug":"privacy-statement","status":"publish","type":"page","link":"https:\/\/terhills.be\/fr\/privacy-statement\/","title":{"rendered":"D\u00e9claration de protection des donn\u00e9es"},"content":{"rendered":"\n<p>Terhills accorde une grande importance \u00e0 la vie priv\u00e9e et s&rsquo;engage donc \u00e0 prot\u00e9ger les donn\u00e9es (personnelles) de toutes ses parties prenantes avec le plus grand soin, et \u00e0 ne traiter les donn\u00e9es personnelles que de mani\u00e8re \u00e9quitable et l\u00e9gale. La plupart des informations sont disponibles sans que vous ayez \u00e0 nous fournir de donn\u00e9es personnelles. N\u00e9anmoins, dans certains cas, des donn\u00e9es sont demand\u00e9es. Dans ce cas, Terhills sera transparent sur la mani\u00e8re dont Terhills collecte et traite les donn\u00e9es personnelles et il s&rsquo;assure que le traitement est effectu\u00e9 conform\u00e9ment au R\u00e8glement G\u00e9n\u00e9ral sur la Protection des Donn\u00e9es et aux autres lois applicables.<\/p>\n\n\n\n<h2 class=\"wp-block-heading\">Remarques g\u00e9n\u00e9rales<\/h2>\n\n\n\n<p>Cette D\u00e9claration de protection des donn\u00e9es contient des informations essentielles sur la mani\u00e8re dont Terhills, en tant que responsable du traitement, collecte et traite les donn\u00e9es personnelles, \u00e0 quelles fins, et explique vos droits en tant que personne concern\u00e9e. La pr\u00e9sente D\u00e9claration s&rsquo;applique \u00e0 nos clients, partenaires et visiteurs du site web pour les donn\u00e9es personnelles collect\u00e9es et trait\u00e9es par Terhills par le biais de ce site web et des services associ\u00e9s. Les informations incluses dans cette d\u00e9claration sont de nature g\u00e9n\u00e9rale et, dans nombreux cas, des informations plus sp\u00e9cifiques sont fournies par des partenaires et d&rsquo;autres soci\u00e9t\u00e9s associ\u00e9es \u00e0 Terhills, dans le cadre d&rsquo;un accord ou d&rsquo;un autre lien, et ces informations sp\u00e9cifiques viennent compl\u00e9ter et modifier les informations fournies ci-dessous.<\/p>\n\n\n\n<h2 class=\"wp-block-heading\">Le responsable de traitement<\/h2>\n\n\n\n<p>Vos donn\u00e9es personnelles sont collect\u00e9es et trait\u00e9es par Terhills SA, dont le si\u00e8ge est situ\u00e9 \u00e0 Hasselt, Kempische Steenweg 311 (4.01) et qui est responsable du traitement de vos donn\u00e9es personnelles.<\/p>\n\n\n\n<p>En plus, Terhills renvoie sur ce site web \u00e0 des soci\u00e9t\u00e9s qui sont ind\u00e9pendamment responsable des donn\u00e9es personnelles, par exemple des soci\u00e9t\u00e9s menant des op\u00e9rations h\u00f4teli\u00e8res. Des informations sur la mani\u00e8re dont les filiales remplissent leurs obligations en tant que responsables du traitement des donn\u00e9es sont disponibles sur le site web de chaque filiale. Cette D\u00e9claration ne couvre que le traitement dont Terhills est responsable.<\/p>\n\n\n\n<h2 class=\"wp-block-heading\">Traitement des donn\u00e9es \u00e0 caract\u00e8re personnel<\/h2>\n\n\n\n<p>Les donn\u00e9es personnelles peuvent \u00eatre d\u00e9finies comme toute information permettant d&rsquo;identifier une personne physique, directement ou indirectement. Terhills ne collecte et ne traite les donn\u00e9es personnelles que lorsque la loi applicable le permet et pour fournir l&rsquo;information ou le service demand\u00e9. Vous pouvez nous fournir vos donn\u00e9es personnelles dans le cadre des activit\u00e9s suivantes, aux fins correspondantes et sur la base des motifs indiqu\u00e9s&nbsp;:<\/p>\n\n\n\n<ul class=\"wp-block-list\">\n<li>Si vous contactez Terhills directement par e-mail, par t\u00e9l\u00e9phone ou par lettre, nous traiterons vos coordonn\u00e9es et le contenu de cette correspondance. Nous n&rsquo;utilisons ces informations que pour traiter suffisamment votre question ou votre message.<\/li>\n\n\n\n<li>Si vous visitez notre site web, des donn\u00e9es personnelles peuvent \u00eatre trait\u00e9es par le biais de cookies. Vous trouverez de plus amples informations \u00e0 ce sujet dans notre Politique en mati\u00e8re de cookies.<\/li>\n\n\n\n<li>Si vous installez l&rsquo;application de Terhills, des donn\u00e9es personnelles telles que le nom, l&rsquo;e-mail, l&rsquo;adresse IP, etc. peuvent \u00eatre trait\u00e9es pour l&rsquo;utilisation de l&rsquo;application. Pour plus d&rsquo;informations sur le traitement de vos donn\u00e9es personnelles par le biais de l&rsquo;application, veuillez-vous r\u00e9f\u00e9rer \u00e0 la D\u00e9claration de protection des donn\u00e9es suivant.<\/li>\n<\/ul>\n\n\n\n<h2 class=\"wp-block-heading\">Fondement juridique<\/h2>\n\n\n\n<p>Comme indiqu\u00e9 ci-dessus, Terhills ne collecte et ne traite les donn\u00e9es personnelles que conform\u00e9ment \u00e0 la l\u00e9gislation applicable. Cela implique que Terhills ne traite vos donn\u00e9es personnelles que sur la base des motifs suivants :<\/p>\n\n\n\n<ul class=\"wp-block-list\">\n<li>La personne concern\u00e9e a consenti au traitement de ses donn\u00e9es \u00e0 caract\u00e8re personnel.<\/li>\n\n\n\n<li>Le traitement est n\u00e9cessaire \u00e0 l&rsquo;ex\u00e9cution d&rsquo;un contrat auquel la personne concern\u00e9e est partie.<\/li>\n\n\n\n<li>Le traitement est n\u00e9cessaire au respect d&rsquo;une obligation l\u00e9gale.<\/li>\n\n\n\n<li>Le traitement est n\u00e9cessaire \u00e0 la sauvegarde des int\u00e9r\u00eats vitaux de la personne concern\u00e9e.<\/li>\n\n\n\n<li>Le traitement est n\u00e9cessaire \u00e0 l&rsquo;ex\u00e9cution d&rsquo;une mission d&rsquo;int\u00e9r\u00eat public.<\/li>\n\n\n\n<li>Le traitement est n\u00e9cessaire aux fins des int\u00e9r\u00eats l\u00e9gitimes poursuivis par le responsable du traitement.<\/li>\n<\/ul>\n\n\n\n<h2 class=\"wp-block-heading\">Conservation de vos donn\u00e9es \u00e0 caract\u00e8re personnel<\/h2>\n\n\n\n<p>Terhills reconna\u00eet l&rsquo;importance de la protection des donn\u00e9es personnelles. Nous ne conservons pas vos donn\u00e9es personnelles plus longtemps que ce qui est strictement n\u00e9cessaire \u00e0 la r\u00e9alisation des objectifs pour lesquels nous avons re\u00e7u les donn\u00e9es, ou \u00e0 l&rsquo;ex\u00e9cution d&rsquo;un contrat ou au respect d&rsquo;une obligation l\u00e9gale.<\/p>\n\n\n\n<p>Nous garantissons de ne fournir qu&rsquo;un acc\u00e8s limit\u00e9 aux donn\u00e9es archiv\u00e9es et de supprimer ou de rendre anonymes vos donn\u00e9es personnelles si le d\u00e9lai de conservation est d\u00e9pass\u00e9.<\/p>\n\n\n\n<h2 class=\"wp-block-heading\">S\u00e9curit\u00e9 et confidentialit\u00e9 de vos donn\u00e9es \u00e0 caract\u00e8re personnel<\/h2>\n\n\n\n<p>Terhills a pris des mesures de s\u00e9curit\u00e9 techniques et organisationnelles pour emp\u00eacher la destruction, la perte, la falsification, l\u2019alt\u00e9ration, l\u2019acc\u00e8s non autoris\u00e9 ou la divulgation de vos donn\u00e9es personnelles \u00e0 des tiers et tout autre traitement non autoris\u00e9 de ces donn\u00e9es.<\/p>\n\n\n\n<p>Nous avons tout mis en \u0153uvre pour assurer la confidentialit\u00e9, l\u2019int\u00e9grit\u00e9 et la disponibilit\u00e9 des syst\u00e8mes et services d\u2019information qui traitent les donn\u00e9es personnelles. Ces mesures comprennent des mesures de s\u00e9curit\u00e9 physique et op\u00e9rationnelle, le contr\u00f4le d\u2019acc\u00e8s, la sensibilisation et les clauses de confidentialit\u00e9. Tous nos employ\u00e9s et les tiers engag\u00e9s par nous sont tenus de respecter la confidentialit\u00e9 et la s\u00e9curit\u00e9 de vos donn\u00e9es.<\/p>\n\n\n\n<h2 class=\"wp-block-heading\">Divulgation \u00e0 des tiers<\/h2>\n\n\n\n<p>Terhills s&rsquo;abstiendra de divulguer ou de vendre les donn\u00e9es personnelles des personnes concern\u00e9es \u00e0 des tiers ainsi que de divulguer publiquement les donn\u00e9es personnelles des personnes concern\u00e9es, sauf dans les cas sp\u00e9cifiques suivants :<\/p>\n\n\n\n<ul class=\"wp-block-list\">\n<li>Les donn\u00e9es personnelles peuvent \u00eatre partag\u00e9es avec des prestataires de services tiers auxquels Terhills a sous-trait\u00e9 certaines activit\u00e9s de traitement. Dans tous les cas, ils sont limit\u00e9s au traitement de vos donn\u00e9es personnelles conform\u00e9ment \u00e0 nos instructions et, si n\u00e9cessaire, un accord de traitement des donn\u00e9es sera conclu afin qu&rsquo;ils soient tenus de respecter toutes les obligations requises par la l\u00e9gislation applicable en mati\u00e8re de protection des donn\u00e9es.<\/li>\n\n\n\n<li>Si cela est requis par les lois ou r\u00e8glements applicables.<\/li>\n<\/ul>\n\n\n\n<p>En ce qui concerne les transferts internationaux de donn\u00e9es \u00e0 caract\u00e8re personnel et le traitement en dehors de l&rsquo;Espace \u00e9conomique europ\u00e9en (EEE), vos donn\u00e9es ne sont transf\u00e9r\u00e9es \u00e0 d&rsquo;autres succursales de Terhills ou \u00e0 des parties dans des pays tiers, tels que des fournisseurs de logiciels et des services de cloud ou de courrier, que lorsque la l\u00e9gislation applicable en mati\u00e8re de protection des donn\u00e9es le permet. Nous garantissons des garanties appropri\u00e9es qui assurent que vos droits sont \u00e9galement respect\u00e9s par le destinataire des donn\u00e9es en dehors de l&rsquo;EEE, conform\u00e9ment \u00e0 un niveau ad\u00e9quat de protection des donn\u00e9es.<\/p>\n\n\n\n<h2 class=\"wp-block-heading\">Vos droits en tant que personne concern\u00e9e<\/h2>\n\n\n\n<p>Comme indiqu\u00e9 pr\u00e9c\u00e9demment, Terhills respecte et prot\u00e8ge en permanence le droit \u00e0 la vie priv\u00e9e des personnes. C&rsquo;est pourquoi Terhills maintient des directives et des proc\u00e9dures claires sur la mani\u00e8re dont une personne concern\u00e9e peut exercer ses droits tels que d\u00e9crits au R\u00e8glement G\u00e9n\u00e9ral sur la Protection des Donn\u00e9es. Les droits \u00e9nonc\u00e9s ci-dessous peuvent \u00eatre exerc\u00e9s gratuitement, sauf si le responsable de traitement estime que la demande est manifestement infond\u00e9e ou excessive.<\/p>\n\n\n\n<p>En tant que personne concern\u00e9e, vous avez le droit de demander gratuitement \u00e0 Terhills des informations concernant le traitement de vos donn\u00e9es personnelles. \u00c0 votre demande, ou de notre propre initiative, nous corrigerons ou effacerons toute donn\u00e9e personnelle incorrecte et\/ou limiterons le traitement de ces donn\u00e9es. En outre, vous avez le droit de demander que vos donn\u00e9es personnelles ne soient pas trait\u00e9es \u00e0 des fins de marketing direct. Vous avez \u00e9galement le droit de vous opposer \u00e0 tout traitement effectu\u00e9 par Terhills sur la base d&rsquo;une pes\u00e9e des int\u00e9r\u00eats comme base juridique. Dans certaines situations, vous avez \u00e9galement le droit de recevoir les donn\u00e9es personnelles la concernant, trait\u00e9es par Terhills, dans un format structur\u00e9, couramment utilis\u00e9 et lisible par machine et\/ou de transmettre ces donn\u00e9es \u00e0 un autre responsable du traitement.<\/p>\n\n\n\n<p>Si Terhills estime que le traitement doit n\u00e9anmoins \u00eatre effectu\u00e9, il est de l&rsquo;obligation de Terhills de prouver qu&rsquo;il existe des int\u00e9r\u00eats qui pr\u00e9valent sur les int\u00e9r\u00eats de la personne concern\u00e9e.<\/p>\n\n\n\n<h2 class=\"wp-block-heading\">Contact<\/h2>\n\n\n\n<p>Si vous avez des commentaires, des questions ou des pr\u00e9occupations concernant l&rsquo;une des informations contenues dans la pr\u00e9sente d\u00e9claration, ou tout autre probl\u00e8me li\u00e9 au traitement de vos donn\u00e9es personnelles par Terhills, veuillez nous contacter via <a href=\"mailto:info@terhills.local\">info@terhills.local<\/a>.<\/p>\n\n\n\n<p>Si vous pr\u00e9f\u00e9rez nous contacter par courrier, vous pouvez le faire \u00e0 l&rsquo;adresse suivante&nbsp;: Kempische Steenweg 311 bus 4.01, 3500 Hasselt.<\/p>\n\n\n\n<p>Si vous n&rsquo;\u00eates pas satisfait de la mani\u00e8re dont nous traitons vos donn\u00e9es personnelles, vous pouvez soumettre une plainte \u00e0 l&rsquo;Autorit\u00e9 belge de protection des donn\u00e9es (APD) via&nbsp;:<\/p>\n\n\n\n<p>Rue de la Presse 35, 1000 Bruxelles<br>+ 32 (0)2 274 48 00\u00a0\u00a0\u00a0\u00a0\u00a0\u00a0\u00a0\u00a0\u00a0<br>+ 32 (0)2 274 48 35\u00a0\u00a0\u00a0\u00a0\u00a0\u00a0\u00a0\u00a0\u00a0<br><a href=\"mailto:contact@apd-gba.be\">contact@apd-gba.be<\/a><\/p>\n\n\n\n<h2 class=\"wp-block-heading\">Modifications de notre D\u00e9claration de protection des donn\u00e9es<\/h2>\n\n\n\n<p>Nous pouvons modifier ou mettre \u00e0 jour cette D\u00e9claration de temps \u00e0 autre pour refl\u00e9ter les changements dans nos pratiques concernant le traitement de vos donn\u00e9es personnelles, ou les changements dans la loi applicable.<\/p>\n\n\n\n<h2 class=\"wp-block-heading\">Cookies<\/h2>\n\n\n\n<h3 class=\"wp-block-heading\">What are cookies and why do we use them?<\/h3>\n\n\n\n<p>Cookies are small text or number files that the browser saves on your computer when you visit a website.<\/p>\n\n\n\n<p>Terhills places cookies on your computer to improve the user-friendliness of the website and to analyse how we can improve our service.<\/p>\n\n\n\n<h3 class=\"wp-block-heading\">Which cookies does this website use?<\/h3>\n\n\n\n<script type=\"text\/javascript\" charset=\"UTF-8\" data-cookiescriptreport=\"report\" src=\"\/\/report.cookie-script.com\/r\/3685ed13851d973c6edba538d4276354.js\"><\/script>\n\n\n\n<h4 class=\"wp-block-heading\">Functional cookies<\/h4>\n\n\n\n<p>Cookies used to make the website secure. These cookies are removed soon after the visit to our website.<\/p>\n\n\n\n<h4 class=\"wp-block-heading\">Non-functional cookies<\/h4>\n\n\n\n<p><strong>Google Analytics<\/strong>: \u2028We consult the user statistics for our website via Google Analytics. A number of cookies are downloaded in this respect when you visit the site. Through these _GA cookies, we can check the number of visitors to our website and collect specific demographic data (e.g. country of origin).<\/p>\n\n\n\n<p><strong>Targeting cookies<\/strong>: these cookies are used to optimise our SEA campaigns = advertising in search engines.<\/p>\n\n\n\n<h3 class=\"wp-block-heading\">Can you prevent or remove cookies?<\/h3>\n\n\n\n<p>If you want to prevent certain cookies from being installed on your computer, you can do this via the settings in your browser\u2019s internet options. Under the \u2018privacy\u2019 tab, you can specify which cookies you do or do not wish to receive.<\/p>\n\n\n\n<p>You can also remove cookies via the internet options in your browser, using \u2018delete browser history\u2019.<\/p>\n\n\n\n<p>We use cookies to keep statistics and therefore improve your visit to our website or make this easier. We therefore recommend that you keep cookies enabled in your browser.<\/p>\n\n\n\n<h2 class=\"wp-block-heading\">Copyright<\/h2>\n\n\n\n<p>All texts, illustrations, the layout and the functionality of this website are protected by copyright. You can print the texts and illustrations for private use; these may only be distributed following permission from Terhills. Quotes can be used provided that a reference is always made to the authentic source. Reproduction is permitted on the condition that you always refer to the authentic source, except for commercial purposes, in which case reproduction, even with reference to the source, is not permitted.<\/p>\n\n\n\n<p>The permission to reproduce material protected by copyright only applies to the elements of the site for which Terhills is the copyright holder. Permission to reproduce material, the copyright for which is held by third parties, must be obtained from the relevant copyright holder.<\/p>\n\n\n\n<h2 class=\"wp-block-heading\">Hyperlinks and references<\/h2>\n\n\n\n<p>On this website, hyperlinks are used to direct you to the websites of other institutions and organisations and to sources of information managed by third parties. Terhills has absolutely no technical or content-related control or say over these websites and can therefore offer no guarantee whatsoever on the completeness and accuracy of the content and the availability of the websites and sources of information.<\/p>\n\n\n\n<p>The hyperlinks to other websites do not in any way authenticate the external site or its content. The links are provided to you for your information and for ease of use. Terhills accepts no liability for direct or indirect damage resulting from consultation or use of such external websites and their content.<\/p>\n","protected":false},"excerpt":{"rendered":"<p>Terhills accorde une grande importance \u00e0 la vie priv\u00e9e et s&rsquo;engage donc \u00e0 prot\u00e9ger les donn\u00e9es (personnelles) de toutes ses [&hellip;]<\/p>\n","protected":false},"author":1,"featured_media":0,"parent":0,"menu_order":8,"comment_status":"closed","ping_status":"closed","template":"","meta":{"_acf_changed":false,"inline_featured_image":false,"footnotes":""},"class_list":["post-3898","page","type-page","status-publish","hentry"],"acf":[],"yoast_head":"<!-- This site is optimized with the Yoast SEO plugin v24.8.1 - https:\/\/yoast.com\/wordpress\/plugins\/seo\/ -->\n<title>D\u00e9claration de protection des donn\u00e9es &#8211; Terhills<\/title>\n<meta name=\"robots\" content=\"index, follow, max-snippet:-1, max-image-preview:large, max-video-preview:-1\" \/>\n<link rel=\"canonical\" href=\"https:\/\/terhills.be\/fr\/privacy-statement\/\" \/>\n<meta property=\"og:locale\" content=\"fr_FR\" \/>\n<meta property=\"og:type\" content=\"article\" \/>\n<meta property=\"og:title\" content=\"D\u00e9claration de protection des donn\u00e9es &#8211; Terhills\" \/>\n<meta property=\"og:description\" content=\"Terhills accorde une grande importance \u00e0 la vie priv\u00e9e et s&rsquo;engage donc \u00e0 prot\u00e9ger les donn\u00e9es (personnelles) de toutes ses [&hellip;]\" \/>\n<meta property=\"og:url\" content=\"https:\/\/terhills.be\/fr\/privacy-statement\/\" \/>\n<meta property=\"og:site_name\" content=\"Terhills\" \/>\n<meta property=\"article:publisher\" content=\"https:\/\/www.facebook.com\/terhills\" \/>\n<meta property=\"article:modified_time\" content=\"2023-03-01T17:49:39+00:00\" \/>\n<meta name=\"twitter:card\" content=\"summary_large_image\" \/>\n<meta name=\"twitter:label1\" content=\"Dur\u00e9e de lecture est.\" \/>\n\t<meta name=\"twitter:data1\" content=\"10 minutes\" \/>\n<script type=\"application\/ld+json\" class=\"yoast-schema-graph\">{\"@context\":\"https:\/\/schema.org\",\"@graph\":[{\"@type\":\"WebPage\",\"@id\":\"https:\/\/terhills.be\/fr\/privacy-statement\/\",\"url\":\"https:\/\/terhills.be\/fr\/privacy-statement\/\",\"name\":\"D\u00e9claration de protection des donn\u00e9es &#8211; Terhills\",\"isPartOf\":{\"@id\":\"https:\/\/terhills.be\/fr\/#website\"},\"datePublished\":\"2023-03-01T17:43:45+00:00\",\"dateModified\":\"2023-03-01T17:49:39+00:00\",\"breadcrumb\":{\"@id\":\"https:\/\/terhills.be\/fr\/privacy-statement\/#breadcrumb\"},\"inLanguage\":\"fr-BE\",\"potentialAction\":[{\"@type\":\"ReadAction\",\"target\":[\"https:\/\/terhills.be\/fr\/privacy-statement\/\"]}]},{\"@type\":\"BreadcrumbList\",\"@id\":\"https:\/\/terhills.be\/fr\/privacy-statement\/#breadcrumb\",\"itemListElement\":[{\"@type\":\"ListItem\",\"position\":1,\"name\":\"Home\",\"item\":\"https:\/\/terhills.be\/fr\/\"},{\"@type\":\"ListItem\",\"position\":2,\"name\":\"D\u00e9claration de protection des donn\u00e9es\"}]},{\"@type\":\"WebSite\",\"@id\":\"https:\/\/terhills.be\/fr\/#website\",\"url\":\"https:\/\/terhills.be\/fr\/\",\"name\":\"Terhills\",\"description\":\"Feel the heartbeat of nature\",\"publisher\":{\"@id\":\"https:\/\/terhills.be\/fr\/#organization\"},\"potentialAction\":[{\"@type\":\"SearchAction\",\"target\":{\"@type\":\"EntryPoint\",\"urlTemplate\":\"https:\/\/terhills.be\/fr\/?s={search_term_string}\"},\"query-input\":{\"@type\":\"PropertyValueSpecification\",\"valueRequired\":true,\"valueName\":\"search_term_string\"}}],\"inLanguage\":\"fr-BE\"},{\"@type\":\"Organization\",\"@id\":\"https:\/\/terhills.be\/fr\/#organization\",\"name\":\"Terhills\",\"url\":\"https:\/\/terhills.be\/fr\/\",\"logo\":{\"@type\":\"ImageObject\",\"inLanguage\":\"fr-BE\",\"@id\":\"https:\/\/terhills.be\/fr\/#\/schema\/logo\/image\/\",\"url\":\"https:\/\/terhills.be\/wp-content\/uploads\/logo-terhills@2x.png\",\"contentUrl\":\"https:\/\/terhills.be\/wp-content\/uploads\/logo-terhills@2x.png\",\"width\":456,\"height\":205,\"caption\":\"Terhills\"},\"image\":{\"@id\":\"https:\/\/terhills.be\/fr\/#\/schema\/logo\/image\/\"},\"sameAs\":[\"https:\/\/www.facebook.com\/terhills\",\"https:\/\/www.instagram.com\/terhills\/\",\"https:\/\/be.linkedin.com\/company\/terhills\",\"https:\/\/www.youtube.com\/channel\/UCFzNKZLWbX9qTmAlcYYYO6w\"]}]}<\/script>\n<!-- \/ Yoast SEO plugin. -->","yoast_head_json":{"title":"D\u00e9claration de protection des donn\u00e9es &#8211; Terhills","robots":{"index":"index","follow":"follow","max-snippet":"max-snippet:-1","max-image-preview":"max-image-preview:large","max-video-preview":"max-video-preview:-1"},"canonical":"https:\/\/terhills.be\/fr\/privacy-statement\/","og_locale":"fr_FR","og_type":"article","og_title":"D\u00e9claration de protection des donn\u00e9es &#8211; Terhills","og_description":"Terhills accorde une grande importance \u00e0 la vie priv\u00e9e et s&rsquo;engage donc \u00e0 prot\u00e9ger les donn\u00e9es (personnelles) de toutes ses [&hellip;]","og_url":"https:\/\/terhills.be\/fr\/privacy-statement\/","og_site_name":"Terhills","article_publisher":"https:\/\/www.facebook.com\/terhills","article_modified_time":"2023-03-01T17:49:39+00:00","twitter_card":"summary_large_image","twitter_misc":{"Dur\u00e9e de lecture est.":"10 minutes"},"schema":{"@context":"https:\/\/schema.org","@graph":[{"@type":"WebPage","@id":"https:\/\/terhills.be\/fr\/privacy-statement\/","url":"https:\/\/terhills.be\/fr\/privacy-statement\/","name":"D\u00e9claration de protection des donn\u00e9es &#8211; Terhills","isPartOf":{"@id":"https:\/\/terhills.be\/fr\/#website"},"datePublished":"2023-03-01T17:43:45+00:00","dateModified":"2023-03-01T17:49:39+00:00","breadcrumb":{"@id":"https:\/\/terhills.be\/fr\/privacy-statement\/#breadcrumb"},"inLanguage":"fr-BE","potentialAction":[{"@type":"ReadAction","target":["https:\/\/terhills.be\/fr\/privacy-statement\/"]}]},{"@type":"BreadcrumbList","@id":"https:\/\/terhills.be\/fr\/privacy-statement\/#breadcrumb","itemListElement":[{"@type":"ListItem","position":1,"name":"Home","item":"https:\/\/terhills.be\/fr\/"},{"@type":"ListItem","position":2,"name":"D\u00e9claration de protection des donn\u00e9es"}]},{"@type":"WebSite","@id":"https:\/\/terhills.be\/fr\/#website","url":"https:\/\/terhills.be\/fr\/","name":"Terhills","description":"Feel the heartbeat of nature","publisher":{"@id":"https:\/\/terhills.be\/fr\/#organization"},"potentialAction":[{"@type":"SearchAction","target":{"@type":"EntryPoint","urlTemplate":"https:\/\/terhills.be\/fr\/?s={search_term_string}"},"query-input":{"@type":"PropertyValueSpecification","valueRequired":true,"valueName":"search_term_string"}}],"inLanguage":"fr-BE"},{"@type":"Organization","@id":"https:\/\/terhills.be\/fr\/#organization","name":"Terhills","url":"https:\/\/terhills.be\/fr\/","logo":{"@type":"ImageObject","inLanguage":"fr-BE","@id":"https:\/\/terhills.be\/fr\/#\/schema\/logo\/image\/","url":"https:\/\/terhills.be\/wp-content\/uploads\/logo-terhills@2x.png","contentUrl":"https:\/\/terhills.be\/wp-content\/uploads\/logo-terhills@2x.png","width":456,"height":205,"caption":"Terhills"},"image":{"@id":"https:\/\/terhills.be\/fr\/#\/schema\/logo\/image\/"},"sameAs":["https:\/\/www.facebook.com\/terhills","https:\/\/www.instagram.com\/terhills\/","https:\/\/be.linkedin.com\/company\/terhills","https:\/\/www.youtube.com\/channel\/UCFzNKZLWbX9qTmAlcYYYO6w"]}]}},"_links":{"self":[{"href":"https:\/\/terhills.be\/fr\/wp-json\/wp\/v2\/pages\/3898","targetHints":{"allow":["GET"]}}],"collection":[{"href":"https:\/\/terhills.be\/fr\/wp-json\/wp\/v2\/pages"}],"about":[{"href":"https:\/\/terhills.be\/fr\/wp-json\/wp\/v2\/types\/page"}],"author":[{"embeddable":true,"href":"https:\/\/terhills.be\/fr\/wp-json\/wp\/v2\/users\/1"}],"replies":[{"embeddable":true,"href":"https:\/\/terhills.be\/fr\/wp-json\/wp\/v2\/comments?post=3898"}],"version-history":[{"count":0,"href":"https:\/\/terhills.be\/fr\/wp-json\/wp\/v2\/pages\/3898\/revisions"}],"wp:attachment":[{"href":"https:\/\/terhills.be\/fr\/wp-json\/wp\/v2\/media?parent=3898"}],"curies":[{"name":"wp","href":"https:\/\/api.w.org\/{rel}","templated":true}]}}