{"id":3797,"date":"2020-03-06T13:35:30","date_gmt":"2020-03-06T12:35:30","guid":{"rendered":"https:\/\/new.terhills.be\/terhills-cablepark\/"},"modified":"2025-04-03T10:19:16","modified_gmt":"2025-04-03T08:19:16","slug":"terhills-cablepark","status":"publish","type":"page","link":"https:\/\/terhills.be\/fr\/terhills-cablepark\/","title":{"rendered":"Terhills Cablepark"},"content":{"rendered":"","protected":false},"excerpt":{"rendered":"","protected":false},"author":1,"featured_media":0,"parent":0,"menu_order":3,"comment_status":"closed","ping_status":"closed","template":"page-templates\/page-activity.php","meta":{"_acf_changed":false,"inline_featured_image":false,"footnotes":""},"class_list":["post-3797","page","type-page","status-publish","hentry"],"acf":[],"yoast_head":"<!-- This site is optimized with the Yoast SEO plugin v24.8.1 - https:\/\/yoast.com\/wordpress\/plugins\/seo\/ -->\n<title>Terhills Cablepark &#8211; Terhills<\/title>\n<meta name=\"description\" content=\"Les amateurs de baignade et d\u2019activit\u00e9s aquatiques seront dans leur \u00e9l\u00e9ment au Terhills Cablepark, o\u00f9 les visiteurs de tous niveaux peuvent s\u2019adonner aux sports nautiques. Venez vous essayer \u00e0 de nouvelles activit\u00e9s et plongez-vous dans une atmosph\u00e8re de vacances sur l\u2019eau et au bord du lac.\" \/>\n<meta name=\"robots\" content=\"index, follow, max-snippet:-1, max-image-preview:large, max-video-preview:-1\" \/>\n<link rel=\"canonical\" href=\"https:\/\/terhills.be\/fr\/terhills-cablepark\/\" \/>\n<meta property=\"og:locale\" content=\"fr_FR\" \/>\n<meta property=\"og:type\" content=\"article\" \/>\n<meta property=\"og:title\" content=\"Terhills Cablepark &#8211; Terhills\" \/>\n<meta property=\"og:description\" content=\"Les amateurs de baignade et d\u2019activit\u00e9s aquatiques seront dans leur \u00e9l\u00e9ment au Terhills Cablepark, o\u00f9 les visiteurs de tous niveaux peuvent s\u2019adonner aux sports nautiques. Venez vous essayer \u00e0 de nouvelles activit\u00e9s et plongez-vous dans une atmosph\u00e8re de vacances sur l\u2019eau et au bord du lac.\" \/>\n<meta property=\"og:url\" content=\"https:\/\/terhills.be\/fr\/terhills-cablepark\/\" \/>\n<meta property=\"og:site_name\" content=\"Terhills\" \/>\n<meta property=\"article:publisher\" content=\"https:\/\/www.facebook.com\/terhills\" \/>\n<meta property=\"article:modified_time\" content=\"2025-04-03T08:19:16+00:00\" \/>\n<meta name=\"twitter:card\" content=\"summary_large_image\" \/>\n<meta name=\"twitter:label1\" content=\"Dur\u00e9e de lecture est.\" \/>\n\t<meta name=\"twitter:data1\" content=\"6 minutes\" \/>\n<script type=\"application\/ld+json\" class=\"yoast-schema-graph\">{\"@context\":\"https:\/\/schema.org\",\"@graph\":[{\"@type\":\"WebPage\",\"@id\":\"https:\/\/terhills.be\/fr\/terhills-cablepark\/\",\"url\":\"https:\/\/terhills.be\/fr\/terhills-cablepark\/\",\"name\":\"Terhills Cablepark &#8211; Terhills\",\"isPartOf\":{\"@id\":\"https:\/\/terhills.be\/fr\/#website\"},\"datePublished\":\"2020-03-06T12:35:30+00:00\",\"dateModified\":\"2025-04-03T08:19:16+00:00\",\"description\":\"Les amateurs de baignade et d\u2019activit\u00e9s aquatiques seront dans leur \u00e9l\u00e9ment au Terhills Cablepark, o\u00f9 les visiteurs de tous niveaux peuvent s\u2019adonner aux sports nautiques. Venez vous essayer \u00e0 de nouvelles activit\u00e9s et plongez-vous dans une atmosph\u00e8re de vacances sur l\u2019eau et au bord du lac.\",\"breadcrumb\":{\"@id\":\"https:\/\/terhills.be\/fr\/terhills-cablepark\/#breadcrumb\"},\"inLanguage\":\"fr-BE\",\"potentialAction\":[{\"@type\":\"ReadAction\",\"target\":[\"https:\/\/terhills.be\/fr\/terhills-cablepark\/\"]}]},{\"@type\":\"BreadcrumbList\",\"@id\":\"https:\/\/terhills.be\/fr\/terhills-cablepark\/#breadcrumb\",\"itemListElement\":[{\"@type\":\"ListItem\",\"position\":1,\"name\":\"Home\",\"item\":\"https:\/\/terhills.be\/fr\/\"},{\"@type\":\"ListItem\",\"position\":2,\"name\":\"Terhills Cablepark\"}]},{\"@type\":\"WebSite\",\"@id\":\"https:\/\/terhills.be\/fr\/#website\",\"url\":\"https:\/\/terhills.be\/fr\/\",\"name\":\"Terhills\",\"description\":\"Feel the heartbeat of nature\",\"publisher\":{\"@id\":\"https:\/\/terhills.be\/fr\/#organization\"},\"potentialAction\":[{\"@type\":\"SearchAction\",\"target\":{\"@type\":\"EntryPoint\",\"urlTemplate\":\"https:\/\/terhills.be\/fr\/?s={search_term_string}\"},\"query-input\":{\"@type\":\"PropertyValueSpecification\",\"valueRequired\":true,\"valueName\":\"search_term_string\"}}],\"inLanguage\":\"fr-BE\"},{\"@type\":\"Organization\",\"@id\":\"https:\/\/terhills.be\/fr\/#organization\",\"name\":\"Terhills\",\"url\":\"https:\/\/terhills.be\/fr\/\",\"logo\":{\"@type\":\"ImageObject\",\"inLanguage\":\"fr-BE\",\"@id\":\"https:\/\/terhills.be\/fr\/#\/schema\/logo\/image\/\",\"url\":\"https:\/\/terhills.be\/wp-content\/uploads\/logo-terhills@2x.png\",\"contentUrl\":\"https:\/\/terhills.be\/wp-content\/uploads\/logo-terhills@2x.png\",\"width\":456,\"height\":205,\"caption\":\"Terhills\"},\"image\":{\"@id\":\"https:\/\/terhills.be\/fr\/#\/schema\/logo\/image\/\"},\"sameAs\":[\"https:\/\/www.facebook.com\/terhills\",\"https:\/\/www.instagram.com\/terhills\/\",\"https:\/\/be.linkedin.com\/company\/terhills\",\"https:\/\/www.youtube.com\/channel\/UCFzNKZLWbX9qTmAlcYYYO6w\"]}]}<\/script>\n<!-- \/ Yoast SEO plugin. -->","yoast_head_json":{"title":"Terhills Cablepark &#8211; Terhills","description":"Les amateurs de baignade et d\u2019activit\u00e9s aquatiques seront dans leur \u00e9l\u00e9ment au Terhills Cablepark, o\u00f9 les visiteurs de tous niveaux peuvent s\u2019adonner aux sports nautiques. Venez vous essayer \u00e0 de nouvelles activit\u00e9s et plongez-vous dans une atmosph\u00e8re de vacances sur l\u2019eau et au bord du lac.","robots":{"index":"index","follow":"follow","max-snippet":"max-snippet:-1","max-image-preview":"max-image-preview:large","max-video-preview":"max-video-preview:-1"},"canonical":"https:\/\/terhills.be\/fr\/terhills-cablepark\/","og_locale":"fr_FR","og_type":"article","og_title":"Terhills Cablepark &#8211; Terhills","og_description":"Les amateurs de baignade et d\u2019activit\u00e9s aquatiques seront dans leur \u00e9l\u00e9ment au Terhills Cablepark, o\u00f9 les visiteurs de tous niveaux peuvent s\u2019adonner aux sports nautiques. Venez vous essayer \u00e0 de nouvelles activit\u00e9s et plongez-vous dans une atmosph\u00e8re de vacances sur l\u2019eau et au bord du lac.","og_url":"https:\/\/terhills.be\/fr\/terhills-cablepark\/","og_site_name":"Terhills","article_publisher":"https:\/\/www.facebook.com\/terhills","article_modified_time":"2025-04-03T08:19:16+00:00","twitter_card":"summary_large_image","twitter_misc":{"Dur\u00e9e de lecture est.":"6 minutes"},"schema":{"@context":"https:\/\/schema.org","@graph":[{"@type":"WebPage","@id":"https:\/\/terhills.be\/fr\/terhills-cablepark\/","url":"https:\/\/terhills.be\/fr\/terhills-cablepark\/","name":"Terhills Cablepark &#8211; Terhills","isPartOf":{"@id":"https:\/\/terhills.be\/fr\/#website"},"datePublished":"2020-03-06T12:35:30+00:00","dateModified":"2025-04-03T08:19:16+00:00","description":"Les amateurs de baignade et d\u2019activit\u00e9s aquatiques seront dans leur \u00e9l\u00e9ment au Terhills Cablepark, o\u00f9 les visiteurs de tous niveaux peuvent s\u2019adonner aux sports nautiques. Venez vous essayer \u00e0 de nouvelles activit\u00e9s et plongez-vous dans une atmosph\u00e8re de vacances sur l\u2019eau et au bord du lac.","breadcrumb":{"@id":"https:\/\/terhills.be\/fr\/terhills-cablepark\/#breadcrumb"},"inLanguage":"fr-BE","potentialAction":[{"@type":"ReadAction","target":["https:\/\/terhills.be\/fr\/terhills-cablepark\/"]}]},{"@type":"BreadcrumbList","@id":"https:\/\/terhills.be\/fr\/terhills-cablepark\/#breadcrumb","itemListElement":[{"@type":"ListItem","position":1,"name":"Home","item":"https:\/\/terhills.be\/fr\/"},{"@type":"ListItem","position":2,"name":"Terhills Cablepark"}]},{"@type":"WebSite","@id":"https:\/\/terhills.be\/fr\/#website","url":"https:\/\/terhills.be\/fr\/","name":"Terhills","description":"Feel the heartbeat of nature","publisher":{"@id":"https:\/\/terhills.be\/fr\/#organization"},"potentialAction":[{"@type":"SearchAction","target":{"@type":"EntryPoint","urlTemplate":"https:\/\/terhills.be\/fr\/?s={search_term_string}"},"query-input":{"@type":"PropertyValueSpecification","valueRequired":true,"valueName":"search_term_string"}}],"inLanguage":"fr-BE"},{"@type":"Organization","@id":"https:\/\/terhills.be\/fr\/#organization","name":"Terhills","url":"https:\/\/terhills.be\/fr\/","logo":{"@type":"ImageObject","inLanguage":"fr-BE","@id":"https:\/\/terhills.be\/fr\/#\/schema\/logo\/image\/","url":"https:\/\/terhills.be\/wp-content\/uploads\/logo-terhills@2x.png","contentUrl":"https:\/\/terhills.be\/wp-content\/uploads\/logo-terhills@2x.png","width":456,"height":205,"caption":"Terhills"},"image":{"@id":"https:\/\/terhills.be\/fr\/#\/schema\/logo\/image\/"},"sameAs":["https:\/\/www.facebook.com\/terhills","https:\/\/www.instagram.com\/terhills\/","https:\/\/be.linkedin.com\/company\/terhills","https:\/\/www.youtube.com\/channel\/UCFzNKZLWbX9qTmAlcYYYO6w"]}]}},"_links":{"self":[{"href":"https:\/\/terhills.be\/fr\/wp-json\/wp\/v2\/pages\/3797","targetHints":{"allow":["GET"]}}],"collection":[{"href":"https:\/\/terhills.be\/fr\/wp-json\/wp\/v2\/pages"}],"about":[{"href":"https:\/\/terhills.be\/fr\/wp-json\/wp\/v2\/types\/page"}],"author":[{"embeddable":true,"href":"https:\/\/terhills.be\/fr\/wp-json\/wp\/v2\/users\/1"}],"replies":[{"embeddable":true,"href":"https:\/\/terhills.be\/fr\/wp-json\/wp\/v2\/comments?post=3797"}],"version-history":[{"count":4,"href":"https:\/\/terhills.be\/fr\/wp-json\/wp\/v2\/pages\/3797\/revisions"}],"predecessor-version":[{"id":8340,"href":"https:\/\/terhills.be\/fr\/wp-json\/wp\/v2\/pages\/3797\/revisions\/8340"}],"wp:attachment":[{"href":"https:\/\/terhills.be\/fr\/wp-json\/wp\/v2\/media?parent=3797"}],"curies":[{"name":"wp","href":"https:\/\/api.w.org\/{rel}","templated":true}]}}