
{"id":8240,"date":"2025-02-05T12:39:35","date_gmt":"2025-02-05T11:39:35","guid":{"rendered":"https:\/\/terhills.be\/een-dagje-terhills-resort\/"},"modified":"2026-04-22T13:53:16","modified_gmt":"2026-04-22T11:53:16","slug":"tagterhillsresort","status":"publish","type":"page","link":"https:\/\/terhills.be\/de\/tagterhillsresort\/","title":{"rendered":"Ein Tag im Terhills Resort"},"content":{"rendered":"","protected":false},"excerpt":{"rendered":"","protected":false},"author":1,"featured_media":0,"parent":0,"menu_order":0,"comment_status":"closed","ping_status":"closed","template":"page-templates\/page-feature-landing.php","meta":{"_acf_changed":false,"inline_featured_image":false,"footnotes":""},"class_list":["post-8240","page","type-page","status-publish","hentry"],"acf":[],"yoast_head":"<!-- This site is optimized with the Yoast SEO plugin v24.8.1 - https:\/\/yoast.com\/wordpress\/plugins\/seo\/ -->\n<title>Ein Tag im Terhills Resort &#8211; Terhills<\/title>\n<meta name=\"description\" content=\"Suchen Sie ein einzigartiges Ziel f\u00fcr einen Tag voller Entspannung und Abenteuer? Im Terhills Resort sind Sie herzlich willkommen, auch ohne \u00dcbernachtung! Genie\u00dfen Sie einen unvergesslichen Tagesausflug in einer atemberaubenden Umgebung, die Natur und Spa\u00df verbindet.\" \/>\n<meta name=\"robots\" content=\"index, follow, max-snippet:-1, max-image-preview:large, max-video-preview:-1\" \/>\n<link rel=\"canonical\" href=\"https:\/\/terhills.be\/de\/tagterhillsresort\/\" \/>\n<meta property=\"og:locale\" content=\"de_DE\" \/>\n<meta property=\"og:type\" content=\"article\" \/>\n<meta property=\"og:title\" content=\"Ein Tag im Terhills Resort &#8211; Terhills\" \/>\n<meta property=\"og:description\" content=\"Suchen Sie ein einzigartiges Ziel f\u00fcr einen Tag voller Entspannung und Abenteuer? Im Terhills Resort sind Sie herzlich willkommen, auch ohne \u00dcbernachtung! Genie\u00dfen Sie einen unvergesslichen Tagesausflug in einer atemberaubenden Umgebung, die Natur und Spa\u00df verbindet.\" \/>\n<meta property=\"og:url\" content=\"https:\/\/terhills.be\/de\/tagterhillsresort\/\" \/>\n<meta property=\"og:site_name\" content=\"Terhills\" \/>\n<meta property=\"article:publisher\" content=\"https:\/\/www.facebook.com\/terhills\" \/>\n<meta property=\"article:modified_time\" content=\"2026-04-22T11:53:16+00:00\" \/>\n<meta name=\"twitter:card\" content=\"summary_large_image\" \/>\n<meta name=\"twitter:label1\" content=\"Gesch\u00e4tzte Lesezeit\" \/>\n\t<meta name=\"twitter:data1\" content=\"7\u00a0Minuten\" \/>\n<script type=\"application\/ld+json\" class=\"yoast-schema-graph\">{\"@context\":\"https:\/\/schema.org\",\"@graph\":[{\"@type\":\"WebPage\",\"@id\":\"https:\/\/terhills.be\/de\/tagterhillsresort\/\",\"url\":\"https:\/\/terhills.be\/de\/tagterhillsresort\/\",\"name\":\"Ein Tag im Terhills Resort &#8211; Terhills\",\"isPartOf\":{\"@id\":\"https:\/\/terhills.be\/de\/#website\"},\"datePublished\":\"2025-02-05T11:39:35+00:00\",\"dateModified\":\"2026-04-22T11:53:16+00:00\",\"description\":\"Suchen Sie ein einzigartiges Ziel f\u00fcr einen Tag voller Entspannung und Abenteuer? Im Terhills Resort sind Sie herzlich willkommen, auch ohne \u00dcbernachtung! Genie\u00dfen Sie einen unvergesslichen Tagesausflug in einer atemberaubenden Umgebung, die Natur und Spa\u00df verbindet.\",\"breadcrumb\":{\"@id\":\"https:\/\/terhills.be\/de\/tagterhillsresort\/#breadcrumb\"},\"inLanguage\":\"de\",\"potentialAction\":[{\"@type\":\"ReadAction\",\"target\":[\"https:\/\/terhills.be\/de\/tagterhillsresort\/\"]}]},{\"@type\":\"BreadcrumbList\",\"@id\":\"https:\/\/terhills.be\/de\/tagterhillsresort\/#breadcrumb\",\"itemListElement\":[{\"@type\":\"ListItem\",\"position\":1,\"name\":\"Home\",\"item\":\"https:\/\/terhills.be\/de\/\"},{\"@type\":\"ListItem\",\"position\":2,\"name\":\"Ein Tag im Terhills Resort\"}]},{\"@type\":\"WebSite\",\"@id\":\"https:\/\/terhills.be\/de\/#website\",\"url\":\"https:\/\/terhills.be\/de\/\",\"name\":\"Terhills\",\"description\":\"Feel the heartbeat of nature\",\"publisher\":{\"@id\":\"https:\/\/terhills.be\/de\/#organization\"},\"potentialAction\":[{\"@type\":\"SearchAction\",\"target\":{\"@type\":\"EntryPoint\",\"urlTemplate\":\"https:\/\/terhills.be\/de\/?s={search_term_string}\"},\"query-input\":{\"@type\":\"PropertyValueSpecification\",\"valueRequired\":true,\"valueName\":\"search_term_string\"}}],\"inLanguage\":\"de\"},{\"@type\":\"Organization\",\"@id\":\"https:\/\/terhills.be\/de\/#organization\",\"name\":\"Terhills\",\"url\":\"https:\/\/terhills.be\/de\/\",\"logo\":{\"@type\":\"ImageObject\",\"inLanguage\":\"de\",\"@id\":\"https:\/\/terhills.be\/de\/#\/schema\/logo\/image\/\",\"url\":\"https:\/\/terhills.be\/wp-content\/uploads\/logo-terhills@2x.png\",\"contentUrl\":\"https:\/\/terhills.be\/wp-content\/uploads\/logo-terhills@2x.png\",\"width\":456,\"height\":205,\"caption\":\"Terhills\"},\"image\":{\"@id\":\"https:\/\/terhills.be\/de\/#\/schema\/logo\/image\/\"},\"sameAs\":[\"https:\/\/www.facebook.com\/terhills\",\"https:\/\/www.instagram.com\/terhills\/\",\"https:\/\/be.linkedin.com\/company\/terhills\",\"https:\/\/www.youtube.com\/channel\/UCFzNKZLWbX9qTmAlcYYYO6w\"]}]}<\/script>\n<!-- \/ Yoast SEO plugin. -->","yoast_head_json":{"title":"Ein Tag im Terhills Resort &#8211; Terhills","description":"Suchen Sie ein einzigartiges Ziel f\u00fcr einen Tag voller Entspannung und Abenteuer? Im Terhills Resort sind Sie herzlich willkommen, auch ohne \u00dcbernachtung! Genie\u00dfen Sie einen unvergesslichen Tagesausflug in einer atemberaubenden Umgebung, die Natur und Spa\u00df verbindet.","robots":{"index":"index","follow":"follow","max-snippet":"max-snippet:-1","max-image-preview":"max-image-preview:large","max-video-preview":"max-video-preview:-1"},"canonical":"https:\/\/terhills.be\/de\/tagterhillsresort\/","og_locale":"de_DE","og_type":"article","og_title":"Ein Tag im Terhills Resort &#8211; Terhills","og_description":"Suchen Sie ein einzigartiges Ziel f\u00fcr einen Tag voller Entspannung und Abenteuer? Im Terhills Resort sind Sie herzlich willkommen, auch ohne \u00dcbernachtung! Genie\u00dfen Sie einen unvergesslichen Tagesausflug in einer atemberaubenden Umgebung, die Natur und Spa\u00df verbindet.","og_url":"https:\/\/terhills.be\/de\/tagterhillsresort\/","og_site_name":"Terhills","article_publisher":"https:\/\/www.facebook.com\/terhills","article_modified_time":"2026-04-22T11:53:16+00:00","twitter_card":"summary_large_image","twitter_misc":{"Gesch\u00e4tzte Lesezeit":"7\u00a0Minuten"},"schema":{"@context":"https:\/\/schema.org","@graph":[{"@type":"WebPage","@id":"https:\/\/terhills.be\/de\/tagterhillsresort\/","url":"https:\/\/terhills.be\/de\/tagterhillsresort\/","name":"Ein Tag im Terhills Resort &#8211; Terhills","isPartOf":{"@id":"https:\/\/terhills.be\/de\/#website"},"datePublished":"2025-02-05T11:39:35+00:00","dateModified":"2026-04-22T11:53:16+00:00","description":"Suchen Sie ein einzigartiges Ziel f\u00fcr einen Tag voller Entspannung und Abenteuer? Im Terhills Resort sind Sie herzlich willkommen, auch ohne \u00dcbernachtung! Genie\u00dfen Sie einen unvergesslichen Tagesausflug in einer atemberaubenden Umgebung, die Natur und Spa\u00df verbindet.","breadcrumb":{"@id":"https:\/\/terhills.be\/de\/tagterhillsresort\/#breadcrumb"},"inLanguage":"de","potentialAction":[{"@type":"ReadAction","target":["https:\/\/terhills.be\/de\/tagterhillsresort\/"]}]},{"@type":"BreadcrumbList","@id":"https:\/\/terhills.be\/de\/tagterhillsresort\/#breadcrumb","itemListElement":[{"@type":"ListItem","position":1,"name":"Home","item":"https:\/\/terhills.be\/de\/"},{"@type":"ListItem","position":2,"name":"Ein Tag im Terhills Resort"}]},{"@type":"WebSite","@id":"https:\/\/terhills.be\/de\/#website","url":"https:\/\/terhills.be\/de\/","name":"Terhills","description":"Feel the heartbeat of nature","publisher":{"@id":"https:\/\/terhills.be\/de\/#organization"},"potentialAction":[{"@type":"SearchAction","target":{"@type":"EntryPoint","urlTemplate":"https:\/\/terhills.be\/de\/?s={search_term_string}"},"query-input":{"@type":"PropertyValueSpecification","valueRequired":true,"valueName":"search_term_string"}}],"inLanguage":"de"},{"@type":"Organization","@id":"https:\/\/terhills.be\/de\/#organization","name":"Terhills","url":"https:\/\/terhills.be\/de\/","logo":{"@type":"ImageObject","inLanguage":"de","@id":"https:\/\/terhills.be\/de\/#\/schema\/logo\/image\/","url":"https:\/\/terhills.be\/wp-content\/uploads\/logo-terhills@2x.png","contentUrl":"https:\/\/terhills.be\/wp-content\/uploads\/logo-terhills@2x.png","width":456,"height":205,"caption":"Terhills"},"image":{"@id":"https:\/\/terhills.be\/de\/#\/schema\/logo\/image\/"},"sameAs":["https:\/\/www.facebook.com\/terhills","https:\/\/www.instagram.com\/terhills\/","https:\/\/be.linkedin.com\/company\/terhills","https:\/\/www.youtube.com\/channel\/UCFzNKZLWbX9qTmAlcYYYO6w"]}]}},"_links":{"self":[{"href":"https:\/\/terhills.be\/de\/wp-json\/wp\/v2\/pages\/8240","targetHints":{"allow":["GET"]}}],"collection":[{"href":"https:\/\/terhills.be\/de\/wp-json\/wp\/v2\/pages"}],"about":[{"href":"https:\/\/terhills.be\/de\/wp-json\/wp\/v2\/types\/page"}],"author":[{"embeddable":true,"href":"https:\/\/terhills.be\/de\/wp-json\/wp\/v2\/users\/1"}],"replies":[{"embeddable":true,"href":"https:\/\/terhills.be\/de\/wp-json\/wp\/v2\/comments?post=8240"}],"version-history":[{"count":24,"href":"https:\/\/terhills.be\/de\/wp-json\/wp\/v2\/pages\/8240\/revisions"}],"predecessor-version":[{"id":8931,"href":"https:\/\/terhills.be\/de\/wp-json\/wp\/v2\/pages\/8240\/revisions\/8931"}],"wp:attachment":[{"href":"https:\/\/terhills.be\/de\/wp-json\/wp\/v2\/media?parent=8240"}],"curies":[{"name":"wp","href":"https:\/\/api.w.org\/{rel}","templated":true}]}}