{"id":3900,"date":"2023-03-01T18:43:45","date_gmt":"2023-03-01T17:43:45","guid":{"rendered":"https:\/\/new.terhills.be\/privacy-statement\/"},"modified":"2023-03-01T18:51:02","modified_gmt":"2023-03-01T17:51:02","slug":"privacy-statement","status":"publish","type":"page","link":"https:\/\/terhills.be\/de\/privacy-statement\/","title":{"rendered":"Datenschutzerkl\u00e4rung"},"content":{"rendered":"\n<p>Terhills ist der Schutz Ihrer Privatsph\u00e4re wichtig. Es respektiert und sch\u00fctzt die Pers\u00f6nlichkeitsrechte nat\u00fcrlicher Personen. Die meisten Informationen sind erh\u00e4ltlich, ohne dass Sie personenbezogene Daten zur Verf\u00fcgung stellen m\u00fcssen. In einigen F\u00e4llen jedoch werden Sie um Angabe personenbezogener Informationen gebeten. Terhills macht in derartigen F\u00e4llen transparent, wie es personenbezogene Daten verarbeitet, und stellt sicher, dass die Verarbeitung im v\u00f6lligen Einklang mit der Datenschutz-Grundverordnung und anderen einschl\u00e4gigen gesetzlichen Bestimmungen erfolgt.<\/p>\n\n\n\n<h2 class=\"wp-block-heading\">Allgemeine Anmerkungen<\/h2>\n\n\n\n<p>Diese Datenschutzerkl\u00e4rung soll Sie als nat\u00fcrliche Person \u00fcber die Verarbeitung personenbezogener Daten informieren und erl\u00e4utert Ihre Rechte als betroffene Person. Sie findet Anwendung auf unsere Kunden, Partner und Website-Besucher in Bezug auf die personenbezogenen Daten, die von Terhills mittels dieser Website und der verbundenen Services erhoben und verarbeitet werden. Die hierin enthaltenen Informationen sind allgemeiner Art, und in vielen F\u00e4llen werden von anderen mit Terhills in Verbindung stehenden Dienstleistern und Unternehmen in einem Vertrag oder anderen Zusammenh\u00e4ngen spezifischere Informationen zur Verf\u00fcgung gestellt, und diese spezifischen Informationen finden dann erg\u00e4nzend Anwendung und modifizieren ggf. die nachstehend enthaltenen Informationen.<\/p>\n\n\n\n<h2 class=\"wp-block-heading\">Verantwortlicher f\u00fcr personenbezogene Daten<\/h2>\n\n\n\n<p>Terhills mit Sitz im Kempische Steenweg 311 (4.01) in Hasselt, Belgien, ist der Verantwortliche f\u00fcr die Verarbeitung der personenbezogenen Daten und legt die Zwecke und Mittel von deren Verarbeitung fest.<\/p>\n\n\n\n<p>Dar\u00fcber hinaus verweist Terhills auf dieser Website auf andere Unternehmen, die unabh\u00e4ngig von Terhills eine Verantwortung f\u00fcr personenbezogene Daten tragen, beispielsweise Unternehmen, die Hotels betreiben. Informationen dazu, wie Tochtergesellschaften ihre Verpflichtungen als Verantwortliche erf\u00fcllen, sind auf der Website der jeweiligen Tochtergesellschaft enthalten. Diese Datenschutzrichtlinie deckt nur die Verarbeitung ab, f\u00fcr die Terhills verantwortlich ist.<\/p>\n\n\n\n<h2 class=\"wp-block-heading\">Verarbeitung personenbezogener Daten<\/h2>\n\n\n\n<p>Personenbezogene Daten lassen sich als Informationen jedweder Art definieren, die es m\u00f6glich machen, eine nat\u00fcrliche Person direkt oder indirekt zu ermitteln. Terhills erhebt und verarbeitet personenbezogene Daten nur, wo das im Rahmen der einschl\u00e4gigen gesetzlichen Bestimmungen zul\u00e4ssig ist, und um erbetene Informationen oder erw\u00fcnschte Dienstleistungen zur Verf\u00fcgung zu stellen. Die Verarbeitung der personenbezogenen Daten ist auf den beabsichtigten Zweck beschr\u00e4nkt.<\/p>\n\n\n\n<ul class=\"wp-block-list\">\n<li>Falls Sie Terhills direkt per E-Mail, Telefon oder Anschreiben kontaktieren, verarbeiten wir Ihre Kontaktdaten und den Inhalt dieser Korrespondenz. Wir nutzen diese Informationen nur, um Ihre Frage oder Nachricht in angemessener Weise zu bearbeiten.<\/li>\n\n\n\n<li>Wenn Sie unsere Website besuchen, k\u00f6nnen personenbezogene Daten durch Cookies verarbeitet werden. Weitere Informationen dar\u00fcber, welche Cookies verwendet werden und wie Sie sie ablehnen k\u00f6nnen, finden Sie in unserer Cookie-Richtlinie.<\/li>\n\n\n\n<li>Bei Installation der Terhills-App k\u00f6nnen zur Nutzung der App personenbezogene Daten wie Name, E-Mail-Adresse, IP-Adresse usw. verarbeitet werden. Weitere Informationen \u00fcber die Verarbeitung Ihrer personenbezogenen Daten durch die App finden Sie in dieser <a href=\"https:\/\/platform.smartmobilityterhills.be\/privacy-policy?lang=nl\">Datenschutzrichtlinie<\/a>.<\/li>\n<\/ul>\n\n\n\n<h2 class=\"wp-block-heading\">Rechtsgrundlage<\/h2>\n\n\n\n<p>Wie bereits oben erw\u00e4hnt, erhebt und verarbeitet Terhills personenbezogene Daten nur in \u00dcbereinstimmung mit den einschl\u00e4gigen gesetzlichen Bestimmungen. Dies bedeutet, dass Terhills Ihre personenbezogenen Daten nur bei Vorliegen eines der folgenden Gr\u00fcnde verarbeitet:<\/p>\n\n\n\n<ul class=\"wp-block-list\">\n<li>Aufgrund Ihrer Einwilligung<\/li>\n\n\n\n<li>Aufgrund der Notwendigkeit, einen Vertrag zu erf\u00fcllen, an dem die betroffene Person als Vertragspartei beteiligt ist<\/li>\n\n\n\n<li>Um rechtliche Verpflichtungen zu erf\u00fcllen, denen der Verantwortliche unterliegt<\/li>\n\n\n\n<li>Um lebenswichtige Interessen der betroffenen Person zu sch\u00fctzen<\/li>\n\n\n\n<li>Um eine im \u00f6ffentlichen Interesse ausgef\u00fchrte Aufgabe durchzuf\u00fchren<\/li>\n\n\n\n<li>Wenn es f\u00fcr die Zwecke der vom Verantwortlichen verfolgten berechtigten Interessen erforderlich ist<\/li>\n<\/ul>\n\n\n\n<h2 class=\"wp-block-heading\">Daten- und Speicherungsminimierung<\/h2>\n\n\n\n<p>Terhills erhebt nicht mehr Daten, als zur Erf\u00fcllung des Zwecks, f\u00fcr den die personenbezogenen Daten erhoben werden, erforderlich sind. Das bedeutet, dass wir nur personenbezogene Daten anfordern, die zur Bereitstellung der angeforderten Informationen oder der gew\u00fcnschten Dienstleistung notwendig sind.<\/p>\n\n\n\n<p>Dar\u00fcber hinaus speichert Terhills Informationen nicht l\u00e4nger, als dies zur Erf\u00fcllung des Zwecks, f\u00fcr den die personenbezogenen Daten erhoben wurden, erforderlich ist.<\/p>\n\n\n\n<h2 class=\"wp-block-heading\">Sicherheit<\/h2>\n\n\n\n<p>Terhills ergreift technische und organisatorische Sicherheitsma\u00dfnahmen, um die Vernichtung, den Verlust, die F\u00e4lschung, die Ver\u00e4nderung, den unbefugten Zugriff bzw. die unbefugte Weitergabe Ihrer personenbezogenen Daten an Dritte sowie jedwede sonstige unbefugte Verarbeitung dieser Daten zu verhindern.<\/p>\n\n\n\n<p>Wir haben gr\u00f6\u00dfte Anstrengungen unternommen, um die Vertraulichkeit, Integrit\u00e4t und Verf\u00fcgbarkeit der Informationssysteme und Services, die personenbezogene Daten verarbeiten, sicherzustellen. Diese Ma\u00dfnahmen umfassen physische und betriebliche Sicherheitsma\u00dfnahmen, Zugriffskontrollen, Sensibilisierungsma\u00dfnahmen und Vertraulichkeitsklauseln. Alle unsere Mitarbeiter und von uns beauftragten Dritten sind verpflichtet, die Vertraulichkeit und Sicherheit Ihrer Daten zu respektieren.<\/p>\n\n\n\n<h2 class=\"wp-block-heading\">Weitergabe an Dritte<\/h2>\n\n\n\n<p>Terhills wird personenbezogene Daten von betroffenen Personen weder an Dritte weitergeben oder verkaufen noch sie \u00f6ffentlich machen, au\u00dfer in den folgenden konkreten F\u00e4llen:<\/p>\n\n\n\n<ul class=\"wp-block-list\">\n<li>Personenbezogene Daten k\u00f6nnen an externe Dienstleister weitergegeben werden, die Terhills mit bestimmten Verarbeitungst\u00e4tigkeiten beauftragt hat. Diese Dienstleister sind dabei in jedem Fall auf die Verarbeitung Ihrer personenbezogenen Daten gem\u00e4\u00df unseren Anweisungen beschr\u00e4nkt, und sofern erforderlich wird eine Datenverarbeitungsvereinbarung geschlossen, sodass sie verpflichtet sind, allen Verpflichtungen, die durch die einschl\u00e4gigen datenschutzrechtlichen Bestimmungen vorgegeben sind, nachzukommen.<\/li>\n\n\n\n<li>Falls dies durch einschl\u00e4gige Gesetze oder Verordnungen vorgeschrieben ist<\/li>\n<\/ul>\n\n\n\n<p>Was die internationale \u00dcbertragung personenbezogener Daten und die Verarbeitung au\u00dferhalb des Europ\u00e4ischen Wirtschaftsraums (EWR) angeht, so werden Ihre Daten nur an andere Niederlassungen von Terhills oder an Vertragspartner in Drittl\u00e4ndern, wie Software-Anbieter und Cloud- oder Mailing-Dienste, \u00fcbertragen, sofern dies gem\u00e4\u00df den einschl\u00e4gigen datenschutzrechtlichen Bestimmungen zul\u00e4ssig ist. Wir gew\u00e4hrleisten angemessene Schutzma\u00dfnahmen, die sicherstellen, dass Ihre Rechte auch von dem Datenempf\u00e4nger au\u00dferhalb des EWR im Einklang mit einem angemessenen Grad an Datenschutz respektiert werden.<\/p>\n\n\n\n<h2 class=\"wp-block-heading\">Rechte nat\u00fcrlicher Personen<\/h2>\n\n\n\n<p>Wie bereits oben erw\u00e4hnt, respektiert und sch\u00fctzt Terhills jederzeit die Rechte von Personen auf Privatsph\u00e4re.&nbsp; Terhills hat daher klare Richtlinien und Verfahren umgesetzt, wie eine Anfrage einer betroffenen Person zu handhaben ist. Die nachstehend genannten Rechte k\u00f6nnen kostenfrei ausge\u00fcbt werden, sofern der Verantwortliche die Anfrage nicht als offenkundig unbegr\u00fcndet oder \u00fcberzogen betrachtet.<\/p>\n\n\n\n<p>Als betroffene Person haben Sie Anspruch, Informationen in Bezug auf die Verarbeitung Ihrer personenbezogenen Daten kostenfrei von Terhills anzufordern. Auf Ihre Anfrage hin oder auf eigene Initiative werden wir unrichtige personenbezogene Daten berichtigen oder l\u00f6schen und\/oder die Verarbeitung dieser Daten einschr\u00e4nken. Dar\u00fcber hinaus sind Sie berechtigt, zu verlangen, dass Ihre personenbezogenen Daten nicht f\u00fcr Direktmarketing-Zwecke verarbeitet werden. Sie haben au\u00dferdem das Recht, jeder Verarbeitung zu widersprechen, die Terhills auf Basis einer Interessenabw\u00e4gung als Rechtsgrundlage durchf\u00fchrt. Unter bestimmten Umst\u00e4nden haben Sie au\u00dferdem das Recht, zu verlangen, dass personenbezogene Daten, die Sie Terhills zur Verf\u00fcgung gestellt haben, Ihnen in einem digital lesbaren Format \u00fcbermittelt werden.<\/p>\n\n\n\n<p>Falls Terhills der Ansicht ist, dass die Verarbeitung trotzdem durchgef\u00fchrt werden muss, ist Terhills verpflichtet, nachzuweisen, dass Interessen vorliegen, die die Interessen der betroffenen Person \u00fcberwiegen.<\/p>\n\n\n\n<h2 class=\"wp-block-heading\">Kontakt<\/h2>\n\n\n\n<p>Falls Sie die Verarbeitung Ihrer personenbezogenen Daten oder die Aus\u00fcbung Ihrer Rechte betreffende Fragen haben, kontaktieren Sie uns bitte unter <a href=\"mailto:info@terhills.local\">info@terhills.local<\/a> oder am Kempische Steenweg 311 Bus 4.01, 3500 Hasselt, Belgien.<\/p>\n\n\n\n<p>Falls Sie mit der Weise unzufrieden sind, wie wir Ihre personenbezogenen Daten verarbeiten, k\u00f6nnen Sie eine Beschwerde bei der belgischen Aufsichtsbeh\u00f6rde einreichen. Die Kontaktdaten der Beh\u00f6rde lauten:<\/p>\n\n\n\n<p>Gegevensbeschermingsautoriteit<br>Drukpersstraat 35, 1000 Br\u00fcssel, Belgien<br>Tel.: +32 (0)2\/ 274 48 00<br>E-Mail: <a href=\"mailto:contact@apd-gba.be\">contact@apd-gba.be<\/a><\/p>\n\n\n\n<h2 class=\"wp-block-heading\">\u00c4nderungen an dieser Datenschutzerkl\u00e4rung<\/h2>\n\n\n\n<p>Wir k\u00f6nnen diese Datenschutzerkl\u00e4rung von Zeit zu Zeit modifizieren oder aktualisieren, um \u00c4nderungen an unseren Verfahren in Bezug auf die Verarbeitung Ihrer personenbezogenen Daten oder \u00c4nderungen des einschl\u00e4gigen Rechts Rechnung zu tragen.<\/p>\n\n\n\n<h2 class=\"wp-block-heading\">Cookies<\/h2>\n\n\n\n<h3 class=\"wp-block-heading\">What are cookies and why do we use them?<\/h3>\n\n\n\n<p>Cookies are small text or number files that the browser saves on your computer when you visit a website.<\/p>\n\n\n\n<p>Terhills places cookies on your computer to improve the user-friendliness of the website and to analyse how we can improve our service.<\/p>\n\n\n\n<h3 class=\"wp-block-heading\">Which cookies does this website use?<\/h3>\n\n\n\n<script type=\"text\/javascript\" charset=\"UTF-8\" data-cookiescriptreport=\"report\" src=\"\/\/report.cookie-script.com\/r\/3685ed13851d973c6edba538d4276354.js\"><\/script>\n\n\n\n<h4 class=\"wp-block-heading\">Functional cookies<\/h4>\n\n\n\n<p>Cookies used to make the website secure. These cookies are removed soon after the visit to our website.<\/p>\n\n\n\n<h4 class=\"wp-block-heading\">Non-functional cookies<\/h4>\n\n\n\n<p><strong>Google Analytics<\/strong>: \u2028We consult the user statistics for our website via Google Analytics. A number of cookies are downloaded in this respect when you visit the site. Through these _GA cookies, we can check the number of visitors to our website and collect specific demographic data (e.g. country of origin).<\/p>\n\n\n\n<p><strong>Targeting cookies<\/strong>: these cookies are used to optimise our SEA campaigns = advertising in search engines.<\/p>\n\n\n\n<h3 class=\"wp-block-heading\">Can you prevent or remove cookies?<\/h3>\n\n\n\n<p>If you want to prevent certain cookies from being installed on your computer, you can do this via the settings in your browser\u2019s internet options. Under the \u2018privacy\u2019 tab, you can specify which cookies you do or do not wish to receive.<\/p>\n\n\n\n<p>You can also remove cookies via the internet options in your browser, using \u2018delete browser history\u2019.<\/p>\n\n\n\n<p>We use cookies to keep statistics and therefore improve your visit to our website or make this easier. We therefore recommend that you keep cookies enabled in your browser.<\/p>\n\n\n\n<h2 class=\"wp-block-heading\">Copyright<\/h2>\n\n\n\n<p>All texts, illustrations, the layout and the functionality of this website are protected by copyright. You can print the texts and illustrations for private use; these may only be distributed following permission from Terhills. Quotes can be used provided that a reference is always made to the authentic source. Reproduction is permitted on the condition that you always refer to the authentic source, except for commercial purposes, in which case reproduction, even with reference to the source, is not permitted.<\/p>\n\n\n\n<p>The permission to reproduce material protected by copyright only applies to the elements of the site for which Terhills is the copyright holder. Permission to reproduce material, the copyright for which is held by third parties, must be obtained from the relevant copyright holder.<\/p>\n\n\n\n<h2 class=\"wp-block-heading\">Hyperlinks and references<\/h2>\n\n\n\n<p>On this website, hyperlinks are used to direct you to the websites of other institutions and organisations and to sources of information managed by third parties. Terhills has absolutely no technical or content-related control or say over these websites and can therefore offer no guarantee whatsoever on the completeness and accuracy of the content and the availability of the websites and sources of information.<\/p>\n\n\n\n<p>The hyperlinks to other websites do not in any way authenticate the external site or its content. The links are provided to you for your information and for ease of use. Terhills accepts no liability for direct or indirect damage resulting from consultation or use of such external websites and their content.<\/p>\n","protected":false},"excerpt":{"rendered":"<p>Terhills ist der Schutz Ihrer Privatsph\u00e4re wichtig. Es respektiert und sch\u00fctzt die Pers\u00f6nlichkeitsrechte nat\u00fcrlicher Personen. Die meisten Informationen sind erh\u00e4ltlich, [&hellip;]<\/p>\n","protected":false},"author":1,"featured_media":0,"parent":0,"menu_order":8,"comment_status":"closed","ping_status":"closed","template":"","meta":{"_acf_changed":false,"inline_featured_image":false,"footnotes":""},"class_list":["post-3900","page","type-page","status-publish","hentry"],"acf":[],"yoast_head":"<!-- This site is optimized with the Yoast SEO plugin v24.8.1 - https:\/\/yoast.com\/wordpress\/plugins\/seo\/ -->\n<title>Datenschutzerkl\u00e4rung &#8211; Terhills<\/title>\n<meta name=\"robots\" content=\"index, follow, max-snippet:-1, max-image-preview:large, max-video-preview:-1\" \/>\n<link rel=\"canonical\" href=\"https:\/\/terhills.be\/de\/privacy-statement\/\" \/>\n<meta property=\"og:locale\" content=\"de_DE\" \/>\n<meta property=\"og:type\" content=\"article\" \/>\n<meta property=\"og:title\" content=\"Datenschutzerkl\u00e4rung &#8211; Terhills\" \/>\n<meta property=\"og:description\" content=\"Terhills ist der Schutz Ihrer Privatsph\u00e4re wichtig. Es respektiert und sch\u00fctzt die Pers\u00f6nlichkeitsrechte nat\u00fcrlicher Personen. Die meisten Informationen sind erh\u00e4ltlich, [&hellip;]\" \/>\n<meta property=\"og:url\" content=\"https:\/\/terhills.be\/de\/privacy-statement\/\" \/>\n<meta property=\"og:site_name\" content=\"Terhills\" \/>\n<meta property=\"article:publisher\" content=\"https:\/\/www.facebook.com\/terhills\" \/>\n<meta property=\"article:modified_time\" content=\"2023-03-01T17:51:02+00:00\" \/>\n<meta name=\"twitter:card\" content=\"summary_large_image\" \/>\n<meta name=\"twitter:label1\" content=\"Gesch\u00e4tzte Lesezeit\" \/>\n\t<meta name=\"twitter:data1\" content=\"8\u00a0Minuten\" \/>\n<script type=\"application\/ld+json\" class=\"yoast-schema-graph\">{\"@context\":\"https:\/\/schema.org\",\"@graph\":[{\"@type\":\"WebPage\",\"@id\":\"https:\/\/terhills.be\/de\/privacy-statement\/\",\"url\":\"https:\/\/terhills.be\/de\/privacy-statement\/\",\"name\":\"Datenschutzerkl\u00e4rung &#8211; Terhills\",\"isPartOf\":{\"@id\":\"https:\/\/terhills.be\/de\/#website\"},\"datePublished\":\"2023-03-01T17:43:45+00:00\",\"dateModified\":\"2023-03-01T17:51:02+00:00\",\"breadcrumb\":{\"@id\":\"https:\/\/terhills.be\/de\/privacy-statement\/#breadcrumb\"},\"inLanguage\":\"de\",\"potentialAction\":[{\"@type\":\"ReadAction\",\"target\":[\"https:\/\/terhills.be\/de\/privacy-statement\/\"]}]},{\"@type\":\"BreadcrumbList\",\"@id\":\"https:\/\/terhills.be\/de\/privacy-statement\/#breadcrumb\",\"itemListElement\":[{\"@type\":\"ListItem\",\"position\":1,\"name\":\"Home\",\"item\":\"https:\/\/terhills.be\/de\/\"},{\"@type\":\"ListItem\",\"position\":2,\"name\":\"Datenschutzerkl\u00e4rung\"}]},{\"@type\":\"WebSite\",\"@id\":\"https:\/\/terhills.be\/de\/#website\",\"url\":\"https:\/\/terhills.be\/de\/\",\"name\":\"Terhills\",\"description\":\"Feel the heartbeat of nature\",\"publisher\":{\"@id\":\"https:\/\/terhills.be\/de\/#organization\"},\"potentialAction\":[{\"@type\":\"SearchAction\",\"target\":{\"@type\":\"EntryPoint\",\"urlTemplate\":\"https:\/\/terhills.be\/de\/?s={search_term_string}\"},\"query-input\":{\"@type\":\"PropertyValueSpecification\",\"valueRequired\":true,\"valueName\":\"search_term_string\"}}],\"inLanguage\":\"de\"},{\"@type\":\"Organization\",\"@id\":\"https:\/\/terhills.be\/de\/#organization\",\"name\":\"Terhills\",\"url\":\"https:\/\/terhills.be\/de\/\",\"logo\":{\"@type\":\"ImageObject\",\"inLanguage\":\"de\",\"@id\":\"https:\/\/terhills.be\/de\/#\/schema\/logo\/image\/\",\"url\":\"https:\/\/terhills.be\/wp-content\/uploads\/logo-terhills@2x.png\",\"contentUrl\":\"https:\/\/terhills.be\/wp-content\/uploads\/logo-terhills@2x.png\",\"width\":456,\"height\":205,\"caption\":\"Terhills\"},\"image\":{\"@id\":\"https:\/\/terhills.be\/de\/#\/schema\/logo\/image\/\"},\"sameAs\":[\"https:\/\/www.facebook.com\/terhills\",\"https:\/\/www.instagram.com\/terhills\/\",\"https:\/\/be.linkedin.com\/company\/terhills\",\"https:\/\/www.youtube.com\/channel\/UCFzNKZLWbX9qTmAlcYYYO6w\"]}]}<\/script>\n<!-- \/ Yoast SEO plugin. -->","yoast_head_json":{"title":"Datenschutzerkl\u00e4rung &#8211; Terhills","robots":{"index":"index","follow":"follow","max-snippet":"max-snippet:-1","max-image-preview":"max-image-preview:large","max-video-preview":"max-video-preview:-1"},"canonical":"https:\/\/terhills.be\/de\/privacy-statement\/","og_locale":"de_DE","og_type":"article","og_title":"Datenschutzerkl\u00e4rung &#8211; Terhills","og_description":"Terhills ist der Schutz Ihrer Privatsph\u00e4re wichtig. Es respektiert und sch\u00fctzt die Pers\u00f6nlichkeitsrechte nat\u00fcrlicher Personen. Die meisten Informationen sind erh\u00e4ltlich, [&hellip;]","og_url":"https:\/\/terhills.be\/de\/privacy-statement\/","og_site_name":"Terhills","article_publisher":"https:\/\/www.facebook.com\/terhills","article_modified_time":"2023-03-01T17:51:02+00:00","twitter_card":"summary_large_image","twitter_misc":{"Gesch\u00e4tzte Lesezeit":"8\u00a0Minuten"},"schema":{"@context":"https:\/\/schema.org","@graph":[{"@type":"WebPage","@id":"https:\/\/terhills.be\/de\/privacy-statement\/","url":"https:\/\/terhills.be\/de\/privacy-statement\/","name":"Datenschutzerkl\u00e4rung &#8211; Terhills","isPartOf":{"@id":"https:\/\/terhills.be\/de\/#website"},"datePublished":"2023-03-01T17:43:45+00:00","dateModified":"2023-03-01T17:51:02+00:00","breadcrumb":{"@id":"https:\/\/terhills.be\/de\/privacy-statement\/#breadcrumb"},"inLanguage":"de","potentialAction":[{"@type":"ReadAction","target":["https:\/\/terhills.be\/de\/privacy-statement\/"]}]},{"@type":"BreadcrumbList","@id":"https:\/\/terhills.be\/de\/privacy-statement\/#breadcrumb","itemListElement":[{"@type":"ListItem","position":1,"name":"Home","item":"https:\/\/terhills.be\/de\/"},{"@type":"ListItem","position":2,"name":"Datenschutzerkl\u00e4rung"}]},{"@type":"WebSite","@id":"https:\/\/terhills.be\/de\/#website","url":"https:\/\/terhills.be\/de\/","name":"Terhills","description":"Feel the heartbeat of nature","publisher":{"@id":"https:\/\/terhills.be\/de\/#organization"},"potentialAction":[{"@type":"SearchAction","target":{"@type":"EntryPoint","urlTemplate":"https:\/\/terhills.be\/de\/?s={search_term_string}"},"query-input":{"@type":"PropertyValueSpecification","valueRequired":true,"valueName":"search_term_string"}}],"inLanguage":"de"},{"@type":"Organization","@id":"https:\/\/terhills.be\/de\/#organization","name":"Terhills","url":"https:\/\/terhills.be\/de\/","logo":{"@type":"ImageObject","inLanguage":"de","@id":"https:\/\/terhills.be\/de\/#\/schema\/logo\/image\/","url":"https:\/\/terhills.be\/wp-content\/uploads\/logo-terhills@2x.png","contentUrl":"https:\/\/terhills.be\/wp-content\/uploads\/logo-terhills@2x.png","width":456,"height":205,"caption":"Terhills"},"image":{"@id":"https:\/\/terhills.be\/de\/#\/schema\/logo\/image\/"},"sameAs":["https:\/\/www.facebook.com\/terhills","https:\/\/www.instagram.com\/terhills\/","https:\/\/be.linkedin.com\/company\/terhills","https:\/\/www.youtube.com\/channel\/UCFzNKZLWbX9qTmAlcYYYO6w"]}]}},"_links":{"self":[{"href":"https:\/\/terhills.be\/de\/wp-json\/wp\/v2\/pages\/3900","targetHints":{"allow":["GET"]}}],"collection":[{"href":"https:\/\/terhills.be\/de\/wp-json\/wp\/v2\/pages"}],"about":[{"href":"https:\/\/terhills.be\/de\/wp-json\/wp\/v2\/types\/page"}],"author":[{"embeddable":true,"href":"https:\/\/terhills.be\/de\/wp-json\/wp\/v2\/users\/1"}],"replies":[{"embeddable":true,"href":"https:\/\/terhills.be\/de\/wp-json\/wp\/v2\/comments?post=3900"}],"version-history":[{"count":0,"href":"https:\/\/terhills.be\/de\/wp-json\/wp\/v2\/pages\/3900\/revisions"}],"wp:attachment":[{"href":"https:\/\/terhills.be\/de\/wp-json\/wp\/v2\/media?parent=3900"}],"curies":[{"name":"wp","href":"https:\/\/api.w.org\/{rel}","templated":true}]}}